  {"id":9670,"date":"2021-09-17T10:10:17","date_gmt":"2021-09-17T08:10:17","guid":{"rendered":"https:\/\/www.iesabadinobhi.com\/?page_id=9670"},"modified":"2026-01-14T14:54:39","modified_gmt":"2026-01-14T13:54:39","slug":"fechas-de-examenes","status":"publish","type":"page","link":"https:\/\/www.iesabadinobhi.com\/es\/curso\/fechas-de-examenes\/","title":{"rendered":"Fechas de Ex\u00e1menes"},"content":{"rendered":"\t\t<div data-elementor-type=\"wp-page\" data-elementor-id=\"9670\" class=\"elementor elementor-9670\" data-elementor-settings=\"[]\">\n\t\t\t\t\t\t<div class=\"elementor-inner\">\n\t\t\t\t\t\t\t<div class=\"elementor-section-wrap\">\n\t\t\t\t\t\t\t<section class=\"elementor-section elementor-top-section elementor-element elementor-element-0f08c61 elementor-section-boxed elementor-section-height-default elementor-section-height-default\" data-id=\"0f08c61\" data-element_type=\"section\">\n\t\t\t\t\t\t<div class=\"elementor-container elementor-column-gap-default\">\n\t\t\t\t\t\t\t<div class=\"elementor-row\">\n\t\t\t\t\t<div class=\"elementor-column elementor-col-33 elementor-top-column elementor-element elementor-element-e77799d\" data-id=\"e77799d\" data-element_type=\"column\" id=\"menu_horario\" data-settings=\"{&quot;background_background&quot;:&quot;classic&quot;}\">\n\t\t\t<div class=\"elementor-column-wrap elementor-element-populated\">\n\t\t\t\t\t\t\t<div class=\"elementor-widget-wrap\">\n\t\t\t\t\t\t<div class=\"elementor-element elementor-element-70d4d2d elementor-widget elementor-widget-heading\" data-id=\"70d4d2d\" data-element_type=\"widget\" data-widget_type=\"heading.default\">\n\t\t\t\t<div class=\"elementor-widget-container\">\n\t\t\t<h4 class=\"elementor-heading-title elementor-size-default\">Horarios y Calendario<\/h4>\t\t<\/div>\n\t\t\t\t<\/div>\n\t\t\t\t<div class=\"elementor-element elementor-element-7cf267e elementor-widget-divider--view-line elementor-widget elementor-widget-divider\" data-id=\"7cf267e\" data-element_type=\"widget\" data-widget_type=\"divider.default\">\n\t\t\t\t<div class=\"elementor-widget-container\">\n\t\t\t\t\t<div class=\"elementor-divider\">\n\t\t\t<span class=\"elementor-divider-separator\">\n\t\t\t\t\t\t<\/span>\n\t\t<\/div>\n\t\t\t\t<\/div>\n\t\t\t\t<\/div>\n\t\t\t\t<div class=\"elementor-element elementor-element-008901f elementor-widget elementor-widget-text-editor\" data-id=\"008901f\" data-element_type=\"widget\" data-widget_type=\"text-editor.default\">\n\t\t\t\t<div class=\"elementor-widget-container\">\n\t\t\t\t\t<div class=\"elementor-text-editor elementor-clearfix\"><a class=\"menu_lateral horarios\" href=\"https:\/\/www.iesabadinobhi.com\/es\/curso-2020-2021\/horarios\/\">Horarios 25-26 <\/a><\/div>\n\t\t\t\t<\/div>\n\t\t\t\t<\/div>\n\t\t\t\t<div class=\"elementor-element elementor-element-502c6ae elementor-widget-divider--view-line elementor-widget elementor-widget-divider\" data-id=\"502c6ae\" data-element_type=\"widget\" data-widget_type=\"divider.default\">\n\t\t\t\t<div class=\"elementor-widget-container\">\n\t\t\t\t\t<div class=\"elementor-divider\">\n\t\t\t<span class=\"elementor-divider-separator\">\n\t\t\t\t\t\t<\/span>\n\t\t<\/div>\n\t\t\t\t<\/div>\n\t\t\t\t<\/div>\n\t\t\t\t<div class=\"elementor-element elementor-element-7c78d3c elementor-widget elementor-widget-text-editor\" data-id=\"7c78d3c\" data-element_type=\"widget\" data-widget_type=\"text-editor.default\">\n\t\t\t\t<div class=\"elementor-widget-container\">\n\t\t\t\t\t<div class=\"elementor-text-editor elementor-clearfix\"><a class=\"menu_lateral programa\" href=\"https:\/\/www.iesabadinobhi.com\/es\/curso-2020-2021\/calendario\/\">Calendario 25-26<\/a><\/div>\n\t\t\t\t<\/div>\n\t\t\t\t<\/div>\n\t\t\t\t<div class=\"elementor-element elementor-element-fcec052 elementor-widget-divider--view-line elementor-widget elementor-widget-divider\" data-id=\"fcec052\" data-element_type=\"widget\" data-widget_type=\"divider.default\">\n\t\t\t\t<div class=\"elementor-widget-container\">\n\t\t\t\t\t<div class=\"elementor-divider\">\n\t\t\t<span class=\"elementor-divider-separator\">\n\t\t\t\t\t\t<\/span>\n\t\t<\/div>\n\t\t\t\t<\/div>\n\t\t\t\t<\/div>\n\t\t\t\t<div class=\"elementor-element elementor-element-5608228 elementor-widget elementor-widget-text-editor\" data-id=\"5608228\" data-element_type=\"widget\" data-widget_type=\"text-editor.default\">\n\t\t\t\t<div class=\"elementor-widget-container\">\n\t\t\t\t\t<div class=\"elementor-text-editor elementor-clearfix\"><p><a class=\"menu_lateral programanume activa\">Fechas Ex\u00e1menes 25-26<\/a><\/p><\/div>\n\t\t\t\t<\/div>\n\t\t\t\t<\/div>\n\t\t\t\t<div class=\"elementor-element elementor-element-005ae59 elementor-widget elementor-widget-text-editor\" data-id=\"005ae59\" data-element_type=\"widget\" data-widget_type=\"text-editor.default\">\n\t\t\t\t<div class=\"elementor-widget-container\">\n\t\t\t\t\t<div class=\"elementor-text-editor elementor-clearfix\"><h4 class=\"elementor-heading-title elementor-size-default\" style=\"color: #002146; padding: 10px 15px 5px 0px;\">Otra Informaci\u00f3n de Inter\u00e9s<\/h4>\n<!--\n\n<hr style=\"margin-bottom: 15px;\" \/>\n\n<strong style=\"font-weight: 600;\"><a class=\"menu_lateral horarios\" href=\"https:\/\/www.iesabadinobhi.com\/es\/curso-2020-2021\/programaciones\/\">Programaciones<\/a><\/strong>-->\n\n<hr style=\"margin-bottom: 15px; margin-top: 15px;\" \/>\n\n<strong style=\"font-weight: 600;\"><a class=\"menu_lateral links\" href=\"https:\/\/www.iesabadinobhi.com\/es\/curso-2020-2021\/enlaces-y-blogs\/\">Enlaces y Blogs<\/a><\/strong>\n\n<hr style=\"margin-bottom: 15px; margin-top: 15px;\" \/>\n\n<strong style=\"font-weight: 600;\"><a class=\"menu_lateral horarios\" href=\"https:\/\/www.iesabadinobhi.com\/es\/curso-2020-2021\/horarios-de-visita\/\">Horarios de Visita<\/a><\/strong>\n\n<hr style=\"margin-bottom: 15px; margin-top: 15px;\" \/>\n\n<strong style=\"font-weight: 600;\"><a class=\"menu_lateral transpor\" href=\"https:\/\/www.iesabadinobhi.com\/es\/curso-2020-2021\/salidas-y-actividades\/\">Salidas y Actividades<\/a><\/strong>\n\n<hr style=\"margin-bottom: 15px; margin-top: 15px;\" \/>\n\n<strong style=\"font-weight: 600;\"><a class=\"menu_lateral ikasgu\" href=\"https:\/\/www.iesabadinobhi.com\/es\/curso\/ikasgunea\/\" rel=\"noopener\">O<\/a><\/strong><\/div>\n\t\t\t\t<\/div>\n\t\t\t\t<\/div>\n\t\t\t\t\t\t<\/div>\n\t\t\t\t\t<\/div>\n\t\t<\/div>\n\t\t\t\t<div class=\"elementor-column elementor-col-66 elementor-top-column elementor-element elementor-element-f3f5705\" data-id=\"f3f5705\" data-element_type=\"column\">\n\t\t\t<div class=\"elementor-column-wrap elementor-element-populated\">\n\t\t\t\t\t\t\t<div class=\"elementor-widget-wrap\">\n\t\t\t\t\t\t<div class=\"elementor-element elementor-element-2175bba elementor-widget elementor-widget-image\" data-id=\"2175bba\" data-element_type=\"widget\" data-widget_type=\"image.default\">\n\t\t\t\t<div class=\"elementor-widget-container\">\n\t\t\t\t\t<div class=\"elementor-image\">\n\t\t\t\t\t\t\t\t\t\t<img loading=\"lazy\" decoding=\"async\" width=\"1840\" height=\"406\" src=\"https:\/\/www.iesabadinobhi.com\/wp-content\/uploads\/2021\/04\/calendario.jpg\" class=\"attachment-full size-full\" alt=\"Calendario\" srcset=\"https:\/\/www.iesabadinobhi.com\/wp-content\/uploads\/2021\/04\/calendario.jpg 1840w, https:\/\/www.iesabadinobhi.com\/wp-content\/uploads\/2021\/04\/calendario-500x110.jpg 500w, https:\/\/www.iesabadinobhi.com\/wp-content\/uploads\/2021\/04\/calendario-1024x226.jpg 1024w, https:\/\/www.iesabadinobhi.com\/wp-content\/uploads\/2021\/04\/calendario-1536x339.jpg 1536w, https:\/\/www.iesabadinobhi.com\/wp-content\/uploads\/2021\/04\/calendario-150x33.jpg 150w\" sizes=\"auto, (max-width: 1840px) 100vw, 1840px\" \/>\t\t\t\t\t\t\t\t\t\t\t<\/div>\n\t\t\t\t<\/div>\n\t\t\t\t<\/div>\n\t\t\t\t<div class=\"elementor-element elementor-element-344493b elementor-widget elementor-widget-heading\" data-id=\"344493b\" data-element_type=\"widget\" data-widget_type=\"heading.default\">\n\t\t\t\t<div class=\"elementor-widget-container\">\n\t\t\t<h3 class=\"elementor-heading-title elementor-size-default\">Fechas de Ex\u00e1menes 25-26<\/h3>\t\t<\/div>\n\t\t\t\t<\/div>\n\t\t\t\t<section class=\"elementor-section elementor-inner-section elementor-element elementor-element-7a2876c elementor-section-boxed elementor-section-height-default elementor-section-height-default elementor-invisible\" data-id=\"7a2876c\" data-element_type=\"section\" data-settings=\"{&quot;animation&quot;:&quot;fadeIn&quot;}\">\n\t\t\t\t\t\t<div class=\"elementor-container elementor-column-gap-default\">\n\t\t\t\t\t\t\t<div class=\"elementor-row\">\n\t\t\t\t\t<div class=\"elementor-column elementor-col-100 elementor-inner-column elementor-element elementor-element-5657795\" data-id=\"5657795\" data-element_type=\"column\">\n\t\t\t<div class=\"elementor-column-wrap elementor-element-populated\">\n\t\t\t\t\t\t\t<div class=\"elementor-widget-wrap\">\n\t\t\t\t\t\t<div class=\"elementor-element elementor-element-b2bf3e9 elementor-widget elementor-widget-text-editor\" data-id=\"b2bf3e9\" data-element_type=\"widget\" data-widget_type=\"text-editor.default\">\n\t\t\t\t<div class=\"elementor-widget-container\">\n\t\t\t\t\t<div class=\"elementor-text-editor elementor-clearfix\"><table class=\"tbl_descargas\" border=\"0\" width=\"100%\" cellspacing=\"0\" cellpadding=\"0\"><tbody><tr><td width=\"75%\">Fechas de Ex\u00e1menes 1A<\/td><td width=\"25%\"><a class=\"descargapdf\" href=\"https:\/\/calendar.google.com\/calendar\/embed?src=c_616c15b7f23df79387aae99c7b772383df75d68079ed72e53b7fc89b74448c70%40group.calendar.google.com&amp;ctz=Europe%2FMadrid\" target=\"_blank\" rel=\"noopener\">Acceder<i class=\"fa fa-external-link\" aria-hidden=\"true\"><\/i><\/a><\/td><\/tr><tr><td width=\"75%\">Fechas de Ex\u00e1menes 1B<\/td><td width=\"25%\"><a class=\"descargapdf\" href=\"https:\/\/calendar.google.com\/calendar\/embed?src=c_06998bcf0b56e2f8922fd4827b19d131e57ca973eeabc3490c5f47b57e6466c9%40group.calendar.google.com&amp;ctz=Europe%2FMadrid\" target=\"_blank\" rel=\"noopener\">Acceder<i class=\"fa fa-external-link\" aria-hidden=\"true\"><\/i><\/a><\/td><\/tr><tr><td width=\"75%\">Fechas de Ex\u00e1menes 1C<\/td><td width=\"25%\"><a class=\"descargapdf\" href=\"https:\/\/calendar.google.com\/calendar\/embed?src=c_c9f87b29cb0c3a1257e005b0db4e52c1692ee217a655becda16eb1731f26b2f1%40group.calendar.google.com&amp;ctz=Europe%2FMadrid\" target=\"_blank\" rel=\"noopener\">Acceder<i class=\"fa fa-external-link\" aria-hidden=\"true\"><\/i><\/a><\/td><\/tr><tr><td width=\"75%\">Fechas de Ex\u00e1menes 2A<\/td><td width=\"25%\"><a class=\"descargapdf\" href=\"https:\/\/calendar.google.com\/calendar\/embed?src=c_d44981b12026dfd8c90e25e1d06e42afe18663afa782a8e1f790fc3a9d6465f1%40group.calendar.google.com&amp;ctz=Europe%2FMadrid\" target=\"_blank\" rel=\"noopener\">Acceder<i class=\"fa fa-external-link\" aria-hidden=\"true\"><\/i><\/a><\/td><\/tr><tr><td width=\"75%\">Fechas de Ex\u00e1menes 2B<\/td><td width=\"25%\"><a class=\"descargapdf\" href=\"https:\/\/calendar.google.com\/calendar\/embed?src=c_22bc0bb4de360dd097900754a52be0cb2a137812369f11af6b4c8b6e73671767%40group.calendar.google.com&amp;ctz=Europe%2FMadrid\" target=\"_blank\" rel=\"noopener\">Acceder<i class=\"fa fa-external-link\" aria-hidden=\"true\"><\/i><\/a><\/td><\/tr><tr><td width=\"75%\">Fechas de Ex\u00e1menes 2C<\/td><td width=\"25%\"><a class=\"descargapdf\" href=\"https:\/\/calendar.google.com\/calendar\/embed?src=c_e82d6f5f4a909ca33ea5b1ebe8b7af76a4c61cde7b9de2be7b472c3e78405780%40group.calendar.google.com&amp;ctz=Europe%2FMadrid\" target=\"_blank\" rel=\"noopener\">Acceder<i class=\"fa fa-external-link\" aria-hidden=\"true\"><\/i><\/a><\/td><\/tr><tr><td width=\"75%\">Fechas de Ex\u00e1menes 3A<\/td><td width=\"25%\"><a class=\"descargapdf\" href=\"https:\/\/calendar.google.com\/calendar\/embed?src=c_4da45d9e1f414e5511e4c5785337e538c6d1ac315711fc3af942d4629206db5e%40group.calendar.google.com&amp;ctz=Europe%2FMadrid\" target=\"_blank\" rel=\"noopener\">Acceder<i class=\"fa fa-external-link\" aria-hidden=\"true\"><\/i><\/a><\/td><\/tr><tr><td width=\"75%\">Fechas de Ex\u00e1menes 3B<\/td><td width=\"25%\"><a class=\"descargapdf\" href=\"https:\/\/calendar.google.com\/calendar\/embed?src=c_3eb77eacc419a93cc5cbb62fb233949c164eb932dd27366f94a54a5e7166cfce%40group.calendar.google.com&amp;ctz=Europe%2FMadrid\" target=\"_blank\" rel=\"noopener\">Acceder<i class=\"fa fa-external-link\" aria-hidden=\"true\"><\/i><\/a><\/td><\/tr><tr><td width=\"75%\">Fechas de Ex\u00e1menes 3C<\/td><td width=\"25%\"><a class=\"descargapdf\" href=\"https:\/\/calendar.google.com\/calendar\/embed?src=c_86800f87fa759dd32bf13204495212b266fa09048a0f6d47ab2bb3b2928b530f%40group.calendar.google.com&amp;ctz=Europe%2FMadrid\" target=\"_blank\" rel=\"noopener\">Acceder<i class=\"fa fa-external-link\" aria-hidden=\"true\"><\/i><\/a><\/td><\/tr><tr><td width=\"75%\">Fechas de Ex\u00e1menes 3DK<\/td><td width=\"25%\"><a class=\"descargapdf\" href=\"https:\/\/calendar.google.com\/calendar\/embed?src=c_685d327ba06157aa0770552fce79cf0f6cb5d14b82702819636b8c0d6bae6d01%40group.calendar.google.com&amp;ctz=Europe%2FMadrid\" target=\"_blank\" rel=\"noopener\">Acceder<i class=\"fa fa-external-link\" aria-hidden=\"true\"><\/i><\/a><\/td><\/tr><tr><td width=\"75%\">Fechas de Ex\u00e1menes 4A<\/td><td width=\"25%\"><a class=\"descargapdf\" href=\"https:\/\/calendar.google.com\/calendar\/embed?src=c_c546d8b4691fcb1add03ff805756784f16fda68dd6c3f4f76ab68a28ff915356%40group.calendar.google.com&amp;ctz=Europe%2FMadrid\" target=\"_blank\" rel=\"noopener\">Acceder<i class=\"fa fa-external-link\" aria-hidden=\"true\"><\/i><\/a><\/td><\/tr><tr><td width=\"75%\">Fechas de Ex\u00e1menes 4B<\/td><td width=\"25%\"><a class=\"descargapdf\" href=\"https:\/\/calendar.google.com\/calendar\/embed?src=c_9321a84d63e0b5ce4d868a6130073005ede7faea0e5c73641633a47367009dcb%40group.calendar.google.com&amp;ctz=Europe%2FMadrid\" target=\"_blank\" rel=\"noopener\">Acceder<i class=\"fa fa-external-link\" aria-hidden=\"true\"><\/i><\/a><\/td><\/tr><tr><td width=\"75%\">Fechas de Ex\u00e1menes 4C<\/td><td width=\"25%\"><a class=\"descargapdf\" href=\"https:\/\/calendar.google.com\/calendar\/embed?src=c_26b97172e1ab3d694b403f55c15b995d5491861cb5268e035bbe083267224210%40group.calendar.google.com&amp;ctz=Europe%2FMadrid\" target=\"_blank\" rel=\"noopener\">Acceder<i class=\"fa fa-external-link\" aria-hidden=\"true\"><\/i><\/a><\/td><\/tr><tr><td width=\"75%\">Fechas de Ex\u00e1menes 4DK<\/td><td width=\"25%\"><a class=\"descargapdf\" href=\"https:\/\/calendar.google.com\/calendar\/embed?src=c_ef4285bbafb13dc9911e91548011507f7fda612bbcbbcd6734875a66e1223da3%40group.calendar.google.com&amp;ctz=Europe%2FMadrid\" target=\"_blank\" rel=\"noopener\">Acceder<i class=\"fa fa-external-link\" aria-hidden=\"true\"><\/i><\/a><\/td><\/tr><\/tbody><\/table><\/div>\n\t\t\t\t<\/div>\n\t\t\t\t<\/div>\n\t\t\t\t\t\t<\/div>\n\t\t\t\t\t<\/div>\n\t\t<\/div>\n\t\t\t\t\t\t\t\t<\/div>\n\t\t\t\t\t<\/div>\n\t\t<\/section>\n\t\t\t\t\t\t<\/div>\n\t\t\t\t\t<\/div>\n\t\t<\/div>\n\t\t\t\t\t\t\t\t<\/div>\n\t\t\t\t\t<\/div>\n\t\t<\/section>\n\t\t\t\t\t\t<\/div>\n\t\t\t\t\t\t<\/div>\n\t\t\t\t\t<\/div>\n\t\t","protected":false},"excerpt":{"rendered":"<p>Horarios y Calendario Horarios 25-26 Calendario 25-26 Fechas Ex\u00e1menes 25-26 Otra Informaci\u00f3n de Inter\u00e9s Enlaces y Blogs Horarios de Visita Salidas y Actividades O Fechas de Ex\u00e1menes 25-26 Fechas de Ex\u00e1menes 1A Acceder Fechas de Ex\u00e1menes 1B Acceder Fechas de Ex\u00e1menes 1C Acceder Fechas de Ex\u00e1menes 2A Acceder Fechas de&nbsp;<a href=\"https:\/\/www.iesabadinobhi.com\/es\/curso\/fechas-de-examenes\/\">&hellip;<\/a><\/p>\n","protected":false},"author":1,"featured_media":0,"parent":4509,"menu_order":0,"comment_status":"closed","ping_status":"closed","template":"template-fullwidth.php","meta":{"_acf_changed":false,"footnotes":""},"class_list":["post-9670","page","type-page","status-publish","hentry","odd"],"acf":[],"yoast_head":"<!-- This site is optimized with the Yoast SEO plugin v27.4 - https:\/\/yoast.com\/product\/yoast-seo-wordpress\/ -->\n<title>Fechas de Ex\u00e1menes - Abadi\u00f1oko Institutua - Instituto de Abadi\u00f1o<\/title>\n<meta name=\"robots\" content=\"index, follow, max-snippet:-1, max-image-preview:large, max-video-preview:-1\" \/>\n<link rel=\"canonical\" href=\"https:\/\/www.iesabadinobhi.com\/es\/curso\/fechas-de-examenes\/\" \/>\n<meta property=\"og:locale\" content=\"es_ES\" \/>\n<meta property=\"og:type\" content=\"article\" \/>\n<meta property=\"og:title\" content=\"Fechas de Ex\u00e1menes - Abadi\u00f1oko Institutua - Instituto de Abadi\u00f1o\" \/>\n<meta property=\"og:description\" content=\"Horarios y Calendario Horarios 25-26 Calendario 25-26 Fechas Ex\u00e1menes 25-26 Otra Informaci\u00f3n de Inter\u00e9s Enlaces y Blogs Horarios de Visita Salidas y Actividades O Fechas de Ex\u00e1menes 25-26 Fechas de Ex\u00e1menes 1A Acceder Fechas de Ex\u00e1menes 1B Acceder Fechas de Ex\u00e1menes 1C Acceder Fechas de Ex\u00e1menes 2A Acceder Fechas de&nbsp;&hellip;\" \/>\n<meta property=\"og:url\" content=\"https:\/\/www.iesabadinobhi.com\/es\/curso\/fechas-de-examenes\/\" \/>\n<meta property=\"og:site_name\" content=\"Abadi\u00f1oko Institutua - Instituto de Abadi\u00f1o\" \/>\n<meta property=\"article:modified_time\" content=\"2026-01-14T13:54:39+00:00\" \/>\n<meta property=\"og:image\" content=\"https:\/\/www.iesabadinobhi.com\/wp-content\/uploads\/2021\/04\/calendario.jpg\" \/>\n<meta name=\"twitter:card\" content=\"summary_large_image\" \/>\n<meta name=\"twitter:label1\" content=\"Tiempo de lectura\" \/>\n\t<meta name=\"twitter:data1\" content=\"1 minuto\" \/>\n<script type=\"application\/ld+json\" class=\"yoast-schema-graph\">{\"@context\":\"https:\\\/\\\/schema.org\",\"@graph\":[{\"@type\":\"WebPage\",\"@id\":\"https:\\\/\\\/www.iesabadinobhi.com\\\/es\\\/curso\\\/fechas-de-examenes\\\/\",\"url\":\"https:\\\/\\\/www.iesabadinobhi.com\\\/es\\\/curso\\\/fechas-de-examenes\\\/\",\"name\":\"Fechas de Ex\u00e1menes - Abadi\u00f1oko Institutua - Instituto de Abadi\u00f1o\",\"isPartOf\":{\"@id\":\"https:\\\/\\\/www.iesabadinobhi.com\\\/#website\"},\"primaryImageOfPage\":{\"@id\":\"https:\\\/\\\/www.iesabadinobhi.com\\\/es\\\/curso\\\/fechas-de-examenes\\\/#primaryimage\"},\"image\":{\"@id\":\"https:\\\/\\\/www.iesabadinobhi.com\\\/es\\\/curso\\\/fechas-de-examenes\\\/#primaryimage\"},\"thumbnailUrl\":\"https:\\\/\\\/www.iesabadinobhi.com\\\/wp-content\\\/uploads\\\/2021\\\/04\\\/calendario.jpg\",\"datePublished\":\"2021-09-17T08:10:17+00:00\",\"dateModified\":\"2026-01-14T13:54:39+00:00\",\"breadcrumb\":{\"@id\":\"https:\\\/\\\/www.iesabadinobhi.com\\\/es\\\/curso\\\/fechas-de-examenes\\\/#breadcrumb\"},\"inLanguage\":\"es\",\"potentialAction\":[{\"@type\":\"ReadAction\",\"target\":[\"https:\\\/\\\/www.iesabadinobhi.com\\\/es\\\/curso\\\/fechas-de-examenes\\\/\"]}]},{\"@type\":\"ImageObject\",\"inLanguage\":\"es\",\"@id\":\"https:\\\/\\\/www.iesabadinobhi.com\\\/es\\\/curso\\\/fechas-de-examenes\\\/#primaryimage\",\"url\":\"https:\\\/\\\/www.iesabadinobhi.com\\\/wp-content\\\/uploads\\\/2021\\\/04\\\/calendario.jpg\",\"contentUrl\":\"https:\\\/\\\/www.iesabadinobhi.com\\\/wp-content\\\/uploads\\\/2021\\\/04\\\/calendario.jpg\"},{\"@type\":\"BreadcrumbList\",\"@id\":\"https:\\\/\\\/www.iesabadinobhi.com\\\/es\\\/curso\\\/fechas-de-examenes\\\/#breadcrumb\",\"itemListElement\":[{\"@type\":\"ListItem\",\"position\":1,\"name\":\"Portada\",\"item\":\"https:\\\/\\\/www.iesabadinobhi.com\\\/es\\\/\"},{\"@type\":\"ListItem\",\"position\":2,\"name\":\"Curso 25-26\",\"item\":\"https:\\\/\\\/www.iesabadinobhi.com\\\/es\\\/curso\\\/\"},{\"@type\":\"ListItem\",\"position\":3,\"name\":\"Fechas de Ex\u00e1menes\"}]},{\"@type\":\"WebSite\",\"@id\":\"https:\\\/\\\/www.iesabadinobhi.com\\\/#website\",\"url\":\"https:\\\/\\\/www.iesabadinobhi.com\\\/\",\"name\":\"Abadi\u00f1oko Institutua - Instituto de Abadi\u00f1o\",\"description\":\"Centro p\u00fablico de modelo D para alumnos\\\/as de 12 a 16 a\u00f1os.\",\"publisher\":{\"@id\":\"https:\\\/\\\/www.iesabadinobhi.com\\\/#organization\"},\"potentialAction\":[{\"@type\":\"SearchAction\",\"target\":{\"@type\":\"EntryPoint\",\"urlTemplate\":\"https:\\\/\\\/www.iesabadinobhi.com\\\/?s={search_term_string}\"},\"query-input\":{\"@type\":\"PropertyValueSpecification\",\"valueRequired\":true,\"valueName\":\"search_term_string\"}}],\"inLanguage\":\"es\"},{\"@type\":\"Organization\",\"@id\":\"https:\\\/\\\/www.iesabadinobhi.com\\\/#organization\",\"name\":\"Abadi\u00f1oko Institutua - Instituto de Abadi\u00f1o\",\"url\":\"https:\\\/\\\/www.iesabadinobhi.com\\\/\",\"logo\":{\"@type\":\"ImageObject\",\"inLanguage\":\"es\",\"@id\":\"https:\\\/\\\/www.iesabadinobhi.com\\\/#\\\/schema\\\/logo\\\/image\\\/\",\"url\":\"https:\\\/\\\/www.iesabadinobhi.com\\\/wp-content\\\/uploads\\\/2022\\\/01\\\/logo_abadino_web_25-1.jpg\",\"contentUrl\":\"https:\\\/\\\/www.iesabadinobhi.com\\\/wp-content\\\/uploads\\\/2022\\\/01\\\/logo_abadino_web_25-1.jpg\",\"width\":246,\"height\":234,\"caption\":\"Abadi\u00f1oko Institutua - Instituto de Abadi\u00f1o\"},\"image\":{\"@id\":\"https:\\\/\\\/www.iesabadinobhi.com\\\/#\\\/schema\\\/logo\\\/image\\\/\"},\"sameAs\":[\"https:\\\/\\\/www.youtube.com\\\/channel\\\/UChFI9DF_PiIsiqzblGEpD6Q\"]}]}<\/script>\n<!-- \/ Yoast SEO plugin. -->","yoast_head_json":{"title":"Fechas de Ex\u00e1menes - Abadi\u00f1oko Institutua - Instituto de Abadi\u00f1o","robots":{"index":"index","follow":"follow","max-snippet":"max-snippet:-1","max-image-preview":"max-image-preview:large","max-video-preview":"max-video-preview:-1"},"canonical":"https:\/\/www.iesabadinobhi.com\/es\/curso\/fechas-de-examenes\/","og_locale":"es_ES","og_type":"article","og_title":"Fechas de Ex\u00e1menes - Abadi\u00f1oko Institutua - Instituto de Abadi\u00f1o","og_description":"Horarios y Calendario Horarios 25-26 Calendario 25-26 Fechas Ex\u00e1menes 25-26 Otra Informaci\u00f3n de Inter\u00e9s Enlaces y Blogs Horarios de Visita Salidas y Actividades O Fechas de Ex\u00e1menes 25-26 Fechas de Ex\u00e1menes 1A Acceder Fechas de Ex\u00e1menes 1B Acceder Fechas de Ex\u00e1menes 1C Acceder Fechas de Ex\u00e1menes 2A Acceder Fechas de&nbsp;&hellip;","og_url":"https:\/\/www.iesabadinobhi.com\/es\/curso\/fechas-de-examenes\/","og_site_name":"Abadi\u00f1oko Institutua - Instituto de Abadi\u00f1o","article_modified_time":"2026-01-14T13:54:39+00:00","og_image":[{"url":"https:\/\/www.iesabadinobhi.com\/wp-content\/uploads\/2021\/04\/calendario.jpg","type":"","width":"","height":""}],"twitter_card":"summary_large_image","twitter_misc":{"Tiempo de lectura":"1 minuto"},"schema":{"@context":"https:\/\/schema.org","@graph":[{"@type":"WebPage","@id":"https:\/\/www.iesabadinobhi.com\/es\/curso\/fechas-de-examenes\/","url":"https:\/\/www.iesabadinobhi.com\/es\/curso\/fechas-de-examenes\/","name":"Fechas de Ex\u00e1menes - Abadi\u00f1oko Institutua - Instituto de Abadi\u00f1o","isPartOf":{"@id":"https:\/\/www.iesabadinobhi.com\/#website"},"primaryImageOfPage":{"@id":"https:\/\/www.iesabadinobhi.com\/es\/curso\/fechas-de-examenes\/#primaryimage"},"image":{"@id":"https:\/\/www.iesabadinobhi.com\/es\/curso\/fechas-de-examenes\/#primaryimage"},"thumbnailUrl":"https:\/\/www.iesabadinobhi.com\/wp-content\/uploads\/2021\/04\/calendario.jpg","datePublished":"2021-09-17T08:10:17+00:00","dateModified":"2026-01-14T13:54:39+00:00","breadcrumb":{"@id":"https:\/\/www.iesabadinobhi.com\/es\/curso\/fechas-de-examenes\/#breadcrumb"},"inLanguage":"es","potentialAction":[{"@type":"ReadAction","target":["https:\/\/www.iesabadinobhi.com\/es\/curso\/fechas-de-examenes\/"]}]},{"@type":"ImageObject","inLanguage":"es","@id":"https:\/\/www.iesabadinobhi.com\/es\/curso\/fechas-de-examenes\/#primaryimage","url":"https:\/\/www.iesabadinobhi.com\/wp-content\/uploads\/2021\/04\/calendario.jpg","contentUrl":"https:\/\/www.iesabadinobhi.com\/wp-content\/uploads\/2021\/04\/calendario.jpg"},{"@type":"BreadcrumbList","@id":"https:\/\/www.iesabadinobhi.com\/es\/curso\/fechas-de-examenes\/#breadcrumb","itemListElement":[{"@type":"ListItem","position":1,"name":"Portada","item":"https:\/\/www.iesabadinobhi.com\/es\/"},{"@type":"ListItem","position":2,"name":"Curso 25-26","item":"https:\/\/www.iesabadinobhi.com\/es\/curso\/"},{"@type":"ListItem","position":3,"name":"Fechas de Ex\u00e1menes"}]},{"@type":"WebSite","@id":"https:\/\/www.iesabadinobhi.com\/#website","url":"https:\/\/www.iesabadinobhi.com\/","name":"Abadi\u00f1oko Institutua - Instituto de Abadi\u00f1o","description":"Centro p\u00fablico de modelo D para alumnos\/as de 12 a 16 a\u00f1os.","publisher":{"@id":"https:\/\/www.iesabadinobhi.com\/#organization"},"potentialAction":[{"@type":"SearchAction","target":{"@type":"EntryPoint","urlTemplate":"https:\/\/www.iesabadinobhi.com\/?s={search_term_string}"},"query-input":{"@type":"PropertyValueSpecification","valueRequired":true,"valueName":"search_term_string"}}],"inLanguage":"es"},{"@type":"Organization","@id":"https:\/\/www.iesabadinobhi.com\/#organization","name":"Abadi\u00f1oko Institutua - Instituto de Abadi\u00f1o","url":"https:\/\/www.iesabadinobhi.com\/","logo":{"@type":"ImageObject","inLanguage":"es","@id":"https:\/\/www.iesabadinobhi.com\/#\/schema\/logo\/image\/","url":"https:\/\/www.iesabadinobhi.com\/wp-content\/uploads\/2022\/01\/logo_abadino_web_25-1.jpg","contentUrl":"https:\/\/www.iesabadinobhi.com\/wp-content\/uploads\/2022\/01\/logo_abadino_web_25-1.jpg","width":246,"height":234,"caption":"Abadi\u00f1oko Institutua - Instituto de Abadi\u00f1o"},"image":{"@id":"https:\/\/www.iesabadinobhi.com\/#\/schema\/logo\/image\/"},"sameAs":["https:\/\/www.youtube.com\/channel\/UChFI9DF_PiIsiqzblGEpD6Q"]}]}},"_links":{"self":[{"href":"https:\/\/www.iesabadinobhi.com\/es\/wp-json\/wp\/v2\/pages\/9670","targetHints":{"allow":["GET"]}}],"collection":[{"href":"https:\/\/www.iesabadinobhi.com\/es\/wp-json\/wp\/v2\/pages"}],"about":[{"href":"https:\/\/www.iesabadinobhi.com\/es\/wp-json\/wp\/v2\/types\/page"}],"author":[{"embeddable":true,"href":"https:\/\/www.iesabadinobhi.com\/es\/wp-json\/wp\/v2\/users\/1"}],"replies":[{"embeddable":true,"href":"https:\/\/www.iesabadinobhi.com\/es\/wp-json\/wp\/v2\/comments?post=9670"}],"version-history":[{"count":93,"href":"https:\/\/www.iesabadinobhi.com\/es\/wp-json\/wp\/v2\/pages\/9670\/revisions"}],"predecessor-version":[{"id":17121,"href":"https:\/\/www.iesabadinobhi.com\/es\/wp-json\/wp\/v2\/pages\/9670\/revisions\/17121"}],"up":[{"embeddable":true,"href":"https:\/\/www.iesabadinobhi.com\/es\/wp-json\/wp\/v2\/pages\/4509"}],"wp:attachment":[{"href":"https:\/\/www.iesabadinobhi.com\/es\/wp-json\/wp\/v2\/media?parent=9670"}],"curies":[{"name":"wp","href":"https:\/\/api.w.org\/{rel}","templated":true}]}}