  {"id":8153,"date":"2021-05-27T08:59:31","date_gmt":"2021-05-27T06:59:31","guid":{"rendered":"http:\/\/www.iesabadinobhi.com\/?page_id=8153"},"modified":"2025-10-01T10:50:22","modified_gmt":"2025-10-01T08:50:22","slug":"ikasgunea","status":"publish","type":"page","link":"https:\/\/www.iesabadinobhi.com\/es\/curso\/ikasgunea\/","title":{"rendered":"Ikasgunea"},"content":{"rendered":"\t\t<div data-elementor-type=\"wp-page\" data-elementor-id=\"8153\" class=\"elementor elementor-8153\" data-elementor-settings=\"[]\">\n\t\t\t\t\t\t<div class=\"elementor-inner\">\n\t\t\t\t\t\t\t<div class=\"elementor-section-wrap\">\n\t\t\t\t\t\t\t<section class=\"elementor-section elementor-top-section elementor-element elementor-element-0f08c61 elementor-section-boxed elementor-section-height-default elementor-section-height-default\" data-id=\"0f08c61\" data-element_type=\"section\">\n\t\t\t\t\t\t<div class=\"elementor-container elementor-column-gap-default\">\n\t\t\t\t\t\t\t<div class=\"elementor-row\">\n\t\t\t\t\t<div class=\"elementor-column elementor-col-33 elementor-top-column elementor-element elementor-element-e77799d\" data-id=\"e77799d\" data-element_type=\"column\" id=\"menu_informa\" data-settings=\"{&quot;background_background&quot;:&quot;classic&quot;}\">\n\t\t\t<div class=\"elementor-column-wrap elementor-element-populated\">\n\t\t\t\t\t\t\t<div class=\"elementor-widget-wrap\">\n\t\t\t\t\t\t<div class=\"elementor-element elementor-element-70d4d2d elementor-widget elementor-widget-heading\" data-id=\"70d4d2d\" data-element_type=\"widget\" data-widget_type=\"heading.default\">\n\t\t\t\t<div class=\"elementor-widget-container\">\n\t\t\t<h4 class=\"elementor-heading-title elementor-size-default\">Otra Informaci\u00f3n <br\/>de Inter\u00e9s<\/h4>\t\t<\/div>\n\t\t\t\t<\/div>\n\t\t\t\t<div class=\"elementor-element elementor-element-7cf267e elementor-widget-divider--view-line elementor-widget elementor-widget-divider\" data-id=\"7cf267e\" data-element_type=\"widget\" data-widget_type=\"divider.default\">\n\t\t\t\t<div class=\"elementor-widget-container\">\n\t\t\t\t\t<div class=\"elementor-divider\">\n\t\t\t<span class=\"elementor-divider-separator\">\n\t\t\t\t\t\t<\/span>\n\t\t<\/div>\n\t\t\t\t<\/div>\n\t\t\t\t<\/div>\n\t\t\t\t<div class=\"elementor-element elementor-element-7c78d3c elementor-widget elementor-widget-text-editor\" data-id=\"7c78d3c\" data-element_type=\"widget\" data-widget_type=\"text-editor.default\">\n\t\t\t\t<div class=\"elementor-widget-container\">\n\t\t\t\t\t<div class=\"elementor-text-editor elementor-clearfix\"><a class=\"menu_lateral programa\" href=\"https:\/\/www.iesabadinobhi.com\/es\/curso-2020-2021\/programaciones\/\">Programaciones<\/a><\/div>\n\t\t\t\t<\/div>\n\t\t\t\t<\/div>\n\t\t\t\t<div class=\"elementor-element elementor-element-502c6ae dis_none elementor-widget-divider--view-line elementor-widget elementor-widget-divider\" data-id=\"502c6ae\" data-element_type=\"widget\" data-widget_type=\"divider.default\">\n\t\t\t\t<div class=\"elementor-widget-container\">\n\t\t\t\t\t<div class=\"elementor-divider\">\n\t\t\t<span class=\"elementor-divider-separator\">\n\t\t\t\t\t\t<\/span>\n\t\t<\/div>\n\t\t\t\t<\/div>\n\t\t\t\t<\/div>\n\t\t\t\t<div class=\"elementor-element elementor-element-71019f3 dis_none elementor-widget elementor-widget-text-editor\" data-id=\"71019f3\" data-element_type=\"widget\" data-widget_type=\"text-editor.default\">\n\t\t\t\t<div class=\"elementor-widget-container\">\n\t\t\t\t\t<div class=\"elementor-text-editor elementor-clearfix\"><a class=\"menu_lateral horarios\" href=\"https:\/\/www.iesabadinobhi.com\/es\/curso-2020-2021\/programaciones\/\">Programaciones<\/a><\/div>\n\t\t\t\t<\/div>\n\t\t\t\t<\/div>\n\t\t\t\t<div class=\"elementor-element elementor-element-d52ae74 elementor-widget-divider--view-line elementor-widget elementor-widget-divider\" data-id=\"d52ae74\" data-element_type=\"widget\" data-widget_type=\"divider.default\">\n\t\t\t\t<div class=\"elementor-widget-container\">\n\t\t\t\t\t<div class=\"elementor-divider\">\n\t\t\t<span class=\"elementor-divider-separator\">\n\t\t\t\t\t\t<\/span>\n\t\t<\/div>\n\t\t\t\t<\/div>\n\t\t\t\t<\/div>\n\t\t\t\t<div class=\"elementor-element elementor-element-72455b2 elementor-widget elementor-widget-text-editor\" data-id=\"72455b2\" data-element_type=\"widget\" data-widget_type=\"text-editor.default\">\n\t\t\t\t<div class=\"elementor-widget-container\">\n\t\t\t\t\t<div class=\"elementor-text-editor elementor-clearfix\"><a class=\"menu_lateral links\" href=\"https:\/\/www.iesabadinobhi.com\/es\/curso-2020-2021\/enlaces-y-blogs\/\">Enlaces y Blogs <\/a><\/div>\n\t\t\t\t<\/div>\n\t\t\t\t<\/div>\n\t\t\t\t<div class=\"elementor-element elementor-element-7d99f01 elementor-widget-divider--view-line elementor-widget elementor-widget-divider\" data-id=\"7d99f01\" data-element_type=\"widget\" data-widget_type=\"divider.default\">\n\t\t\t\t<div class=\"elementor-widget-container\">\n\t\t\t\t\t<div class=\"elementor-divider\">\n\t\t\t<span class=\"elementor-divider-separator\">\n\t\t\t\t\t\t<\/span>\n\t\t<\/div>\n\t\t\t\t<\/div>\n\t\t\t\t<\/div>\n\t\t\t\t<div class=\"elementor-element elementor-element-008901f elementor-widget elementor-widget-text-editor\" data-id=\"008901f\" data-element_type=\"widget\" data-widget_type=\"text-editor.default\">\n\t\t\t\t<div class=\"elementor-widget-container\">\n\t\t\t\t\t<div class=\"elementor-text-editor elementor-clearfix\"><a class=\"menu_lateral horarios\" href=\"https:\/\/www.iesabadinobhi.com\/es\/curso-2020-2021\/horarios-de-visita\/\">Horarios de Visita <\/a><\/div>\n\t\t\t\t<\/div>\n\t\t\t\t<\/div>\n\t\t\t\t<div class=\"elementor-element elementor-element-418cd49 elementor-widget-divider--view-line elementor-widget elementor-widget-divider\" data-id=\"418cd49\" data-element_type=\"widget\" data-widget_type=\"divider.default\">\n\t\t\t\t<div class=\"elementor-widget-container\">\n\t\t\t\t\t<div class=\"elementor-divider\">\n\t\t\t<span class=\"elementor-divider-separator\">\n\t\t\t\t\t\t<\/span>\n\t\t<\/div>\n\t\t\t\t<\/div>\n\t\t\t\t<\/div>\n\t\t\t\t<div class=\"elementor-element elementor-element-f80b2b6 elementor-widget elementor-widget-text-editor\" data-id=\"f80b2b6\" data-element_type=\"widget\" data-widget_type=\"text-editor.default\">\n\t\t\t\t<div class=\"elementor-widget-container\">\n\t\t\t\t\t<div class=\"elementor-text-editor elementor-clearfix\"><a class=\"menu_lateral transpor\" href=\"https:\/\/www.iesabadinobhi.com\/es\/curso-2020-2021\/salidas-y-actividades\/\">Salidas y Actividades <\/a><\/div>\n\t\t\t\t<\/div>\n\t\t\t\t<\/div>\n\t\t\t\t<div class=\"elementor-element elementor-element-a1ec961 elementor-widget-divider--view-line elementor-widget elementor-widget-divider\" data-id=\"a1ec961\" data-element_type=\"widget\" data-widget_type=\"divider.default\">\n\t\t\t\t<div class=\"elementor-widget-container\">\n\t\t\t\t\t<div class=\"elementor-divider\">\n\t\t\t<span class=\"elementor-divider-separator\">\n\t\t\t\t\t\t<\/span>\n\t\t<\/div>\n\t\t\t\t<\/div>\n\t\t\t\t<\/div>\n\t\t\t\t<div class=\"elementor-element elementor-element-72355e9 elementor-widget elementor-widget-text-editor\" data-id=\"72355e9\" data-element_type=\"widget\" data-widget_type=\"text-editor.default\">\n\t\t\t\t<div class=\"elementor-widget-container\">\n\t\t\t\t\t<div class=\"elementor-text-editor elementor-clearfix\"><p><a class=\"menu_lateral ikasgu activa\">O\u00a0<br \/><\/a><\/p><\/div>\n\t\t\t\t<\/div>\n\t\t\t\t<\/div>\n\t\t\t\t<div class=\"elementor-element elementor-element-005ae59 elementor-widget elementor-widget-text-editor\" data-id=\"005ae59\" data-element_type=\"widget\" data-widget_type=\"text-editor.default\">\n\t\t\t\t<div class=\"elementor-widget-container\">\n\t\t\t\t\t<div class=\"elementor-text-editor elementor-clearfix\"><h4 class=\"elementor-heading-title elementor-size-default\" style=\"color: #002146; padding: 5px 15px 20px 0px;\">Horarios y Calendario<\/h4>\n\n<hr style=\"margin-bottom: 15px;\" \/>\n\n<strong><a class=\"menu_lateral horarios\" href=\"https:\/\/www.iesabadinobhi.com\/es\/curso-2020-2021\/horarios\/\">Horarios 25-26<\/a><\/strong>\n\n<hr style=\"margin-bottom: 15px; margin-top: 15px;\" \/>\n\n<strong><a class=\"menu_lateral programa\" href=\"https:\/\/www.iesabadinobhi.com\/es\/curso-2020-2021\/calendario\/\">Calendario 25-26<\/a><\/strong>\n\n<hr style=\"margin-bottom: 15px; margin-top: 15px;\" \/>\n\n<strong><a class=\"menu_lateral programanume\" href=\"https:\/\/www.iesabadinobhi.com\/es\/curso-2020-2021\/fechas-de-examenes\/\">Fechas Ex\u00e1menes 25-26<\/a><\/strong><\/div>\n\t\t\t\t<\/div>\n\t\t\t\t<\/div>\n\t\t\t\t\t\t<\/div>\n\t\t\t\t\t<\/div>\n\t\t<\/div>\n\t\t\t\t<div class=\"elementor-column elementor-col-66 elementor-top-column elementor-element elementor-element-f3f5705\" data-id=\"f3f5705\" data-element_type=\"column\">\n\t\t\t<div class=\"elementor-column-wrap elementor-element-populated\">\n\t\t\t\t\t\t\t<div class=\"elementor-widget-wrap\">\n\t\t\t\t\t\t<div class=\"elementor-element elementor-element-2175bba elementor-widget elementor-widget-image\" data-id=\"2175bba\" data-element_type=\"widget\" data-widget_type=\"image.default\">\n\t\t\t\t<div class=\"elementor-widget-container\">\n\t\t\t\t\t<div class=\"elementor-image\">\n\t\t\t\t\t\t\t\t\t\t<img loading=\"lazy\" decoding=\"async\" width=\"1840\" height=\"406\" src=\"https:\/\/www.iesabadinobhi.com\/wp-content\/uploads\/2021\/05\/cabecera_ikasgunea.jpg\" class=\"attachment-full size-full\" alt=\"cabecera ikasgunea\" srcset=\"https:\/\/www.iesabadinobhi.com\/wp-content\/uploads\/2021\/05\/cabecera_ikasgunea.jpg 1840w, https:\/\/www.iesabadinobhi.com\/wp-content\/uploads\/2021\/05\/cabecera_ikasgunea-500x110.jpg 500w, https:\/\/www.iesabadinobhi.com\/wp-content\/uploads\/2021\/05\/cabecera_ikasgunea-1024x226.jpg 1024w, https:\/\/www.iesabadinobhi.com\/wp-content\/uploads\/2021\/05\/cabecera_ikasgunea-768x169.jpg 768w, https:\/\/www.iesabadinobhi.com\/wp-content\/uploads\/2021\/05\/cabecera_ikasgunea-1536x339.jpg 1536w, https:\/\/www.iesabadinobhi.com\/wp-content\/uploads\/2021\/05\/cabecera_ikasgunea-150x33.jpg 150w\" sizes=\"auto, (max-width: 1840px) 100vw, 1840px\" \/>\t\t\t\t\t\t\t\t\t\t\t<\/div>\n\t\t\t\t<\/div>\n\t\t\t\t<\/div>\n\t\t\t\t<div class=\"elementor-element elementor-element-afe4a45 elementor-align-center elementor-widget elementor-widget-button\" data-id=\"afe4a45\" data-element_type=\"widget\" data-widget_type=\"button.default\">\n\t\t\t\t<div class=\"elementor-widget-container\">\n\t\t\t\t\t<div class=\"elementor-button-wrapper\">\n\t\t\t<a href=\"https:\/\/ikasgunea.euskadi.eus\/es\/inicio\" target=\"_blank\" class=\"elementor-button-link elementor-button elementor-size-sm\" role=\"button\">\n\t\t\t\t\t\t<span class=\"elementor-button-content-wrapper\">\n\t\t\t\t\t\t<span class=\"elementor-button-text\">Acceder a Ikasgunea<\/span>\n\t\t<\/span>\n\t\t\t\t\t<\/a>\n\t\t<\/div>\n\t\t\t\t<\/div>\n\t\t\t\t<\/div>\n\t\t\t\t<div class=\"elementor-element elementor-element-344493b elementor-widget elementor-widget-heading\" data-id=\"344493b\" data-element_type=\"widget\" data-widget_type=\"heading.default\">\n\t\t\t\t<div class=\"elementor-widget-container\">\n\t\t\t<h3 class=\"elementor-heading-title elementor-size-default\">Instrucciones para el acceso a Ikasgunea<\/h3>\t\t<\/div>\n\t\t\t\t<\/div>\n\t\t\t\t<div class=\"elementor-element elementor-element-0de59b2 elementor-widget elementor-widget-text-editor\" data-id=\"0de59b2\" data-element_type=\"widget\" data-widget_type=\"text-editor.default\">\n\t\t\t\t<div class=\"elementor-widget-container\">\n\t\t\t\t\t<div class=\"elementor-text-editor elementor-clearfix\"><p class=\"p2\">En la siguiente p\u00e1gina encontrar\u00e9is una breve aclaraci\u00f3n sobre c\u00f3mo pod\u00e9is registraros en IKASGUNEA y c\u00f3mo acceder a las notas.<span class=\"Apple-converted-space\">\u00a0<\/span><\/p>\n<img loading=\"lazy\" decoding=\"async\" class=\"alignnone size-large wp-image-14805\" src=\"https:\/\/www.iesabadinobhi.com\/wp-content\/uploads\/2024\/09\/ikasgunea_actualizado-1024x449.jpg\" alt=\"Ikasgunea\" width=\"1024\" height=\"449\" srcset=\"https:\/\/www.iesabadinobhi.com\/wp-content\/uploads\/2024\/09\/ikasgunea_actualizado-1024x449.jpg 1024w, https:\/\/www.iesabadinobhi.com\/wp-content\/uploads\/2024\/09\/ikasgunea_actualizado-500x219.jpg 500w, https:\/\/www.iesabadinobhi.com\/wp-content\/uploads\/2024\/09\/ikasgunea_actualizado-768x336.jpg 768w, https:\/\/www.iesabadinobhi.com\/wp-content\/uploads\/2024\/09\/ikasgunea_actualizado-150x66.jpg 150w, https:\/\/www.iesabadinobhi.com\/wp-content\/uploads\/2024\/09\/ikasgunea_actualizado.jpg 1500w\" sizes=\"auto, (max-width: 1024px) 100vw, 1024px\" \/>\n\n\n<ul>\n \t<li>Para poder REGISTRARSE E IDENTIFICARSE EN EL PORTAL <strong><a style=\"text-decoration: underline; color: #4176b2;\" href=\"https:\/\/ikasgunea.euskadi.eus\/es\/educacion-registro\" target=\"_blank\" rel=\"noopener\">clica aqu\u00ed<\/a>.<\/strong><\/li>\n \t<li>El Manual est\u00e1 en la web y <strong><a style=\"text-decoration: underline; color: #4176b2;\" href=\"https:\/\/drive.google.com\/file\/d\/1hrpBlhX9F74HPj3j2DeXH9WsYQIB8Zt1\/view\" target=\"_blank\" rel=\"noopener\">AQU\u00cd<\/a>.<\/strong><\/li>\n \t<li>Una vez registrado y dentro del Sistema Ikasgunea ya no hay problema para encontrar las calificaciones de este curso y de todos los dem\u00e1s.<\/li>\n<\/ul>\n<img loading=\"lazy\" decoding=\"async\" class=\"aligncenter wp-image-8159\" src=\"https:\/\/www.iesabadinobhi.com\/wp-content\/uploads\/2021\/05\/ikasgunea_instrucciones_02.jpg\" alt=\"\" width=\"750\" height=\"488\" srcset=\"https:\/\/www.iesabadinobhi.com\/wp-content\/uploads\/2021\/05\/ikasgunea_instrucciones_02.jpg 846w, https:\/\/www.iesabadinobhi.com\/wp-content\/uploads\/2021\/05\/ikasgunea_instrucciones_02-500x326.jpg 500w, https:\/\/www.iesabadinobhi.com\/wp-content\/uploads\/2021\/05\/ikasgunea_instrucciones_02-768x500.jpg 768w, https:\/\/www.iesabadinobhi.com\/wp-content\/uploads\/2021\/05\/ikasgunea_instrucciones_02-150x98.jpg 150w\" sizes=\"auto, (max-width: 750px) 100vw, 750px\" \/><\/div>\n\t\t\t\t<\/div>\n\t\t\t\t<\/div>\n\t\t\t\t\t\t<\/div>\n\t\t\t\t\t<\/div>\n\t\t<\/div>\n\t\t\t\t\t\t\t\t<\/div>\n\t\t\t\t\t<\/div>\n\t\t<\/section>\n\t\t\t\t\t\t<\/div>\n\t\t\t\t\t\t<\/div>\n\t\t\t\t\t<\/div>\n\t\t","protected":false},"excerpt":{"rendered":"<p>Otra Informaci\u00f3n de Inter\u00e9s Programaciones Programaciones Enlaces y Blogs Horarios de Visita Salidas y Actividades O\u00a0 Horarios y Calendario Horarios 25-26 Calendario 25-26 Fechas Ex\u00e1menes 25-26 Acceder a Ikasgunea Instrucciones para el acceso a Ikasgunea En la siguiente p\u00e1gina encontrar\u00e9is una breve aclaraci\u00f3n sobre c\u00f3mo pod\u00e9is registraros en IKASGUNEA y&nbsp;<a href=\"https:\/\/www.iesabadinobhi.com\/es\/curso\/ikasgunea\/\">&hellip;<\/a><\/p>\n","protected":false},"author":1,"featured_media":0,"parent":4509,"menu_order":0,"comment_status":"closed","ping_status":"closed","template":"template-fullwidth.php","meta":{"_acf_changed":false,"footnotes":""},"class_list":["post-8153","page","type-page","status-publish","hentry","odd"],"acf":[],"yoast_head":"<!-- This site is optimized with the Yoast SEO plugin v27.4 - https:\/\/yoast.com\/product\/yoast-seo-wordpress\/ -->\n<title>Ikasgunea - Abadi\u00f1oko Institutua - Instituto de Abadi\u00f1o<\/title>\n<meta name=\"robots\" content=\"index, follow, max-snippet:-1, max-image-preview:large, max-video-preview:-1\" \/>\n<link rel=\"canonical\" href=\"https:\/\/www.iesabadinobhi.com\/es\/curso\/ikasgunea\/\" \/>\n<meta property=\"og:locale\" content=\"es_ES\" \/>\n<meta property=\"og:type\" content=\"article\" \/>\n<meta property=\"og:title\" content=\"Ikasgunea - Abadi\u00f1oko Institutua - Instituto de Abadi\u00f1o\" \/>\n<meta property=\"og:description\" content=\"Otra Informaci\u00f3n de Inter\u00e9s Programaciones Programaciones Enlaces y Blogs Horarios de Visita Salidas y Actividades O\u00a0 Horarios y Calendario Horarios 25-26 Calendario 25-26 Fechas Ex\u00e1menes 25-26 Acceder a Ikasgunea Instrucciones para el acceso a Ikasgunea En la siguiente p\u00e1gina encontrar\u00e9is una breve aclaraci\u00f3n sobre c\u00f3mo pod\u00e9is registraros en IKASGUNEA y&nbsp;&hellip;\" \/>\n<meta property=\"og:url\" content=\"https:\/\/www.iesabadinobhi.com\/es\/curso\/ikasgunea\/\" \/>\n<meta property=\"og:site_name\" content=\"Abadi\u00f1oko Institutua - Instituto de Abadi\u00f1o\" \/>\n<meta property=\"article:modified_time\" content=\"2025-10-01T08:50:22+00:00\" \/>\n<meta property=\"og:image\" content=\"https:\/\/www.iesabadinobhi.com\/wp-content\/uploads\/2021\/05\/cabecera_ikasgunea.jpg\" \/>\n<meta name=\"twitter:card\" content=\"summary_large_image\" \/>\n<meta name=\"twitter:label1\" content=\"Tiempo de lectura\" \/>\n\t<meta name=\"twitter:data1\" content=\"2 minutos\" \/>\n<script type=\"application\/ld+json\" class=\"yoast-schema-graph\">{\"@context\":\"https:\\\/\\\/schema.org\",\"@graph\":[{\"@type\":\"WebPage\",\"@id\":\"https:\\\/\\\/www.iesabadinobhi.com\\\/es\\\/curso\\\/ikasgunea\\\/\",\"url\":\"https:\\\/\\\/www.iesabadinobhi.com\\\/es\\\/curso\\\/ikasgunea\\\/\",\"name\":\"Ikasgunea - Abadi\u00f1oko Institutua - Instituto de Abadi\u00f1o\",\"isPartOf\":{\"@id\":\"https:\\\/\\\/www.iesabadinobhi.com\\\/#website\"},\"primaryImageOfPage\":{\"@id\":\"https:\\\/\\\/www.iesabadinobhi.com\\\/es\\\/curso\\\/ikasgunea\\\/#primaryimage\"},\"image\":{\"@id\":\"https:\\\/\\\/www.iesabadinobhi.com\\\/es\\\/curso\\\/ikasgunea\\\/#primaryimage\"},\"thumbnailUrl\":\"https:\\\/\\\/www.iesabadinobhi.com\\\/wp-content\\\/uploads\\\/2021\\\/05\\\/cabecera_ikasgunea.jpg\",\"datePublished\":\"2021-05-27T06:59:31+00:00\",\"dateModified\":\"2025-10-01T08:50:22+00:00\",\"breadcrumb\":{\"@id\":\"https:\\\/\\\/www.iesabadinobhi.com\\\/es\\\/curso\\\/ikasgunea\\\/#breadcrumb\"},\"inLanguage\":\"es\",\"potentialAction\":[{\"@type\":\"ReadAction\",\"target\":[\"https:\\\/\\\/www.iesabadinobhi.com\\\/es\\\/curso\\\/ikasgunea\\\/\"]}]},{\"@type\":\"ImageObject\",\"inLanguage\":\"es\",\"@id\":\"https:\\\/\\\/www.iesabadinobhi.com\\\/es\\\/curso\\\/ikasgunea\\\/#primaryimage\",\"url\":\"https:\\\/\\\/www.iesabadinobhi.com\\\/wp-content\\\/uploads\\\/2021\\\/05\\\/cabecera_ikasgunea.jpg\",\"contentUrl\":\"https:\\\/\\\/www.iesabadinobhi.com\\\/wp-content\\\/uploads\\\/2021\\\/05\\\/cabecera_ikasgunea.jpg\"},{\"@type\":\"BreadcrumbList\",\"@id\":\"https:\\\/\\\/www.iesabadinobhi.com\\\/es\\\/curso\\\/ikasgunea\\\/#breadcrumb\",\"itemListElement\":[{\"@type\":\"ListItem\",\"position\":1,\"name\":\"Portada\",\"item\":\"https:\\\/\\\/www.iesabadinobhi.com\\\/es\\\/\"},{\"@type\":\"ListItem\",\"position\":2,\"name\":\"Curso 25-26\",\"item\":\"https:\\\/\\\/www.iesabadinobhi.com\\\/es\\\/curso\\\/\"},{\"@type\":\"ListItem\",\"position\":3,\"name\":\"Ikasgunea\"}]},{\"@type\":\"WebSite\",\"@id\":\"https:\\\/\\\/www.iesabadinobhi.com\\\/#website\",\"url\":\"https:\\\/\\\/www.iesabadinobhi.com\\\/\",\"name\":\"Abadi\u00f1oko Institutua - Instituto de Abadi\u00f1o\",\"description\":\"Centro p\u00fablico de modelo D para alumnos\\\/as de 12 a 16 a\u00f1os.\",\"publisher\":{\"@id\":\"https:\\\/\\\/www.iesabadinobhi.com\\\/#organization\"},\"potentialAction\":[{\"@type\":\"SearchAction\",\"target\":{\"@type\":\"EntryPoint\",\"urlTemplate\":\"https:\\\/\\\/www.iesabadinobhi.com\\\/?s={search_term_string}\"},\"query-input\":{\"@type\":\"PropertyValueSpecification\",\"valueRequired\":true,\"valueName\":\"search_term_string\"}}],\"inLanguage\":\"es\"},{\"@type\":\"Organization\",\"@id\":\"https:\\\/\\\/www.iesabadinobhi.com\\\/#organization\",\"name\":\"Abadi\u00f1oko Institutua - Instituto de Abadi\u00f1o\",\"url\":\"https:\\\/\\\/www.iesabadinobhi.com\\\/\",\"logo\":{\"@type\":\"ImageObject\",\"inLanguage\":\"es\",\"@id\":\"https:\\\/\\\/www.iesabadinobhi.com\\\/#\\\/schema\\\/logo\\\/image\\\/\",\"url\":\"https:\\\/\\\/www.iesabadinobhi.com\\\/wp-content\\\/uploads\\\/2022\\\/01\\\/logo_abadino_web_25-1.jpg\",\"contentUrl\":\"https:\\\/\\\/www.iesabadinobhi.com\\\/wp-content\\\/uploads\\\/2022\\\/01\\\/logo_abadino_web_25-1.jpg\",\"width\":246,\"height\":234,\"caption\":\"Abadi\u00f1oko Institutua - Instituto de Abadi\u00f1o\"},\"image\":{\"@id\":\"https:\\\/\\\/www.iesabadinobhi.com\\\/#\\\/schema\\\/logo\\\/image\\\/\"},\"sameAs\":[\"https:\\\/\\\/www.youtube.com\\\/channel\\\/UChFI9DF_PiIsiqzblGEpD6Q\"]}]}<\/script>\n<!-- \/ Yoast SEO plugin. -->","yoast_head_json":{"title":"Ikasgunea - Abadi\u00f1oko Institutua - Instituto de Abadi\u00f1o","robots":{"index":"index","follow":"follow","max-snippet":"max-snippet:-1","max-image-preview":"max-image-preview:large","max-video-preview":"max-video-preview:-1"},"canonical":"https:\/\/www.iesabadinobhi.com\/es\/curso\/ikasgunea\/","og_locale":"es_ES","og_type":"article","og_title":"Ikasgunea - Abadi\u00f1oko Institutua - Instituto de Abadi\u00f1o","og_description":"Otra Informaci\u00f3n de Inter\u00e9s Programaciones Programaciones Enlaces y Blogs Horarios de Visita Salidas y Actividades O\u00a0 Horarios y Calendario Horarios 25-26 Calendario 25-26 Fechas Ex\u00e1menes 25-26 Acceder a Ikasgunea Instrucciones para el acceso a Ikasgunea En la siguiente p\u00e1gina encontrar\u00e9is una breve aclaraci\u00f3n sobre c\u00f3mo pod\u00e9is registraros en IKASGUNEA y&nbsp;&hellip;","og_url":"https:\/\/www.iesabadinobhi.com\/es\/curso\/ikasgunea\/","og_site_name":"Abadi\u00f1oko Institutua - Instituto de Abadi\u00f1o","article_modified_time":"2025-10-01T08:50:22+00:00","og_image":[{"url":"https:\/\/www.iesabadinobhi.com\/wp-content\/uploads\/2021\/05\/cabecera_ikasgunea.jpg","type":"","width":"","height":""}],"twitter_card":"summary_large_image","twitter_misc":{"Tiempo de lectura":"2 minutos"},"schema":{"@context":"https:\/\/schema.org","@graph":[{"@type":"WebPage","@id":"https:\/\/www.iesabadinobhi.com\/es\/curso\/ikasgunea\/","url":"https:\/\/www.iesabadinobhi.com\/es\/curso\/ikasgunea\/","name":"Ikasgunea - Abadi\u00f1oko Institutua - Instituto de Abadi\u00f1o","isPartOf":{"@id":"https:\/\/www.iesabadinobhi.com\/#website"},"primaryImageOfPage":{"@id":"https:\/\/www.iesabadinobhi.com\/es\/curso\/ikasgunea\/#primaryimage"},"image":{"@id":"https:\/\/www.iesabadinobhi.com\/es\/curso\/ikasgunea\/#primaryimage"},"thumbnailUrl":"https:\/\/www.iesabadinobhi.com\/wp-content\/uploads\/2021\/05\/cabecera_ikasgunea.jpg","datePublished":"2021-05-27T06:59:31+00:00","dateModified":"2025-10-01T08:50:22+00:00","breadcrumb":{"@id":"https:\/\/www.iesabadinobhi.com\/es\/curso\/ikasgunea\/#breadcrumb"},"inLanguage":"es","potentialAction":[{"@type":"ReadAction","target":["https:\/\/www.iesabadinobhi.com\/es\/curso\/ikasgunea\/"]}]},{"@type":"ImageObject","inLanguage":"es","@id":"https:\/\/www.iesabadinobhi.com\/es\/curso\/ikasgunea\/#primaryimage","url":"https:\/\/www.iesabadinobhi.com\/wp-content\/uploads\/2021\/05\/cabecera_ikasgunea.jpg","contentUrl":"https:\/\/www.iesabadinobhi.com\/wp-content\/uploads\/2021\/05\/cabecera_ikasgunea.jpg"},{"@type":"BreadcrumbList","@id":"https:\/\/www.iesabadinobhi.com\/es\/curso\/ikasgunea\/#breadcrumb","itemListElement":[{"@type":"ListItem","position":1,"name":"Portada","item":"https:\/\/www.iesabadinobhi.com\/es\/"},{"@type":"ListItem","position":2,"name":"Curso 25-26","item":"https:\/\/www.iesabadinobhi.com\/es\/curso\/"},{"@type":"ListItem","position":3,"name":"Ikasgunea"}]},{"@type":"WebSite","@id":"https:\/\/www.iesabadinobhi.com\/#website","url":"https:\/\/www.iesabadinobhi.com\/","name":"Abadi\u00f1oko Institutua - Instituto de Abadi\u00f1o","description":"Centro p\u00fablico de modelo D para alumnos\/as de 12 a 16 a\u00f1os.","publisher":{"@id":"https:\/\/www.iesabadinobhi.com\/#organization"},"potentialAction":[{"@type":"SearchAction","target":{"@type":"EntryPoint","urlTemplate":"https:\/\/www.iesabadinobhi.com\/?s={search_term_string}"},"query-input":{"@type":"PropertyValueSpecification","valueRequired":true,"valueName":"search_term_string"}}],"inLanguage":"es"},{"@type":"Organization","@id":"https:\/\/www.iesabadinobhi.com\/#organization","name":"Abadi\u00f1oko Institutua - Instituto de Abadi\u00f1o","url":"https:\/\/www.iesabadinobhi.com\/","logo":{"@type":"ImageObject","inLanguage":"es","@id":"https:\/\/www.iesabadinobhi.com\/#\/schema\/logo\/image\/","url":"https:\/\/www.iesabadinobhi.com\/wp-content\/uploads\/2022\/01\/logo_abadino_web_25-1.jpg","contentUrl":"https:\/\/www.iesabadinobhi.com\/wp-content\/uploads\/2022\/01\/logo_abadino_web_25-1.jpg","width":246,"height":234,"caption":"Abadi\u00f1oko Institutua - Instituto de Abadi\u00f1o"},"image":{"@id":"https:\/\/www.iesabadinobhi.com\/#\/schema\/logo\/image\/"},"sameAs":["https:\/\/www.youtube.com\/channel\/UChFI9DF_PiIsiqzblGEpD6Q"]}]}},"_links":{"self":[{"href":"https:\/\/www.iesabadinobhi.com\/es\/wp-json\/wp\/v2\/pages\/8153","targetHints":{"allow":["GET"]}}],"collection":[{"href":"https:\/\/www.iesabadinobhi.com\/es\/wp-json\/wp\/v2\/pages"}],"about":[{"href":"https:\/\/www.iesabadinobhi.com\/es\/wp-json\/wp\/v2\/types\/page"}],"author":[{"embeddable":true,"href":"https:\/\/www.iesabadinobhi.com\/es\/wp-json\/wp\/v2\/users\/1"}],"replies":[{"embeddable":true,"href":"https:\/\/www.iesabadinobhi.com\/es\/wp-json\/wp\/v2\/comments?post=8153"}],"version-history":[{"count":103,"href":"https:\/\/www.iesabadinobhi.com\/es\/wp-json\/wp\/v2\/pages\/8153\/revisions"}],"predecessor-version":[{"id":16136,"href":"https:\/\/www.iesabadinobhi.com\/es\/wp-json\/wp\/v2\/pages\/8153\/revisions\/16136"}],"up":[{"embeddable":true,"href":"https:\/\/www.iesabadinobhi.com\/es\/wp-json\/wp\/v2\/pages\/4509"}],"wp:attachment":[{"href":"https:\/\/www.iesabadinobhi.com\/es\/wp-json\/wp\/v2\/media?parent=8153"}],"curies":[{"name":"wp","href":"https:\/\/api.w.org\/{rel}","templated":true}]}}