  {"id":4217,"date":"2021-04-08T16:09:17","date_gmt":"2021-04-08T14:09:17","guid":{"rendered":"http:\/\/www.iesabadinobhi.com\/?page_id=4217"},"modified":"2026-01-14T14:09:41","modified_gmt":"2026-01-14T13:09:41","slug":"biblioteca","status":"publish","type":"page","link":"https:\/\/www.iesabadinobhi.com\/es\/servicios\/biblioteca\/","title":{"rendered":"Biblioteca"},"content":{"rendered":"\t\t<div data-elementor-type=\"wp-page\" data-elementor-id=\"4217\" class=\"elementor elementor-4217\" data-elementor-settings=\"[]\">\n\t\t\t\t\t\t<div class=\"elementor-inner\">\n\t\t\t\t\t\t\t<div class=\"elementor-section-wrap\">\n\t\t\t\t\t\t\t<section class=\"elementor-section elementor-top-section elementor-element elementor-element-0f08c61 elementor-section-boxed elementor-section-height-default elementor-section-height-default\" data-id=\"0f08c61\" data-element_type=\"section\">\n\t\t\t\t\t\t<div class=\"elementor-container elementor-column-gap-default\">\n\t\t\t\t\t\t\t<div class=\"elementor-row\">\n\t\t\t\t\t<div class=\"elementor-column elementor-col-33 elementor-top-column elementor-element elementor-element-e77799d\" data-id=\"e77799d\" data-element_type=\"column\" data-settings=\"{&quot;background_background&quot;:&quot;classic&quot;}\">\n\t\t\t<div class=\"elementor-column-wrap elementor-element-populated\">\n\t\t\t\t\t\t\t<div class=\"elementor-widget-wrap\">\n\t\t\t\t\t\t<div class=\"elementor-element elementor-element-70d4d2d elementor-widget elementor-widget-heading\" data-id=\"70d4d2d\" data-element_type=\"widget\" data-widget_type=\"heading.default\">\n\t\t\t\t<div class=\"elementor-widget-container\">\n\t\t\t<h4 class=\"elementor-heading-title elementor-size-default\">Servicios<\/h4>\t\t<\/div>\n\t\t\t\t<\/div>\n\t\t\t\t<div class=\"elementor-element elementor-element-7cf267e elementor-widget-divider--view-line elementor-widget elementor-widget-divider\" data-id=\"7cf267e\" data-element_type=\"widget\" data-widget_type=\"divider.default\">\n\t\t\t\t<div class=\"elementor-widget-container\">\n\t\t\t\t\t<div class=\"elementor-divider\">\n\t\t\t<span class=\"elementor-divider-separator\">\n\t\t\t\t\t\t<\/span>\n\t\t<\/div>\n\t\t\t\t<\/div>\n\t\t\t\t<\/div>\n\t\t\t\t<div class=\"elementor-element elementor-element-7c78d3c elementor-widget elementor-widget-text-editor\" data-id=\"7c78d3c\" data-element_type=\"widget\" data-widget_type=\"text-editor.default\">\n\t\t\t\t<div class=\"elementor-widget-container\">\n\t\t\t\t\t<div class=\"elementor-text-editor elementor-clearfix\"><a class=\"menu_lateral comedor\" href=\"https:\/\/www.iesabadinobhi.com\/es\/servicios\/comedor\/\">Comedor <\/a><\/div>\n\t\t\t\t<\/div>\n\t\t\t\t<\/div>\n\t\t\t\t<div class=\"elementor-element elementor-element-502c6ae elementor-widget-divider--view-line elementor-widget elementor-widget-divider\" data-id=\"502c6ae\" data-element_type=\"widget\" data-widget_type=\"divider.default\">\n\t\t\t\t<div class=\"elementor-widget-container\">\n\t\t\t\t\t<div class=\"elementor-divider\">\n\t\t\t<span class=\"elementor-divider-separator\">\n\t\t\t\t\t\t<\/span>\n\t\t<\/div>\n\t\t\t\t<\/div>\n\t\t\t\t<\/div>\n\t\t\t\t<div class=\"elementor-element elementor-element-71019f3 elementor-widget elementor-widget-text-editor\" data-id=\"71019f3\" data-element_type=\"widget\" data-widget_type=\"text-editor.default\">\n\t\t\t\t<div class=\"elementor-widget-container\">\n\t\t\t\t\t<div class=\"elementor-text-editor elementor-clearfix\"><a class=\"menu_lateral biblio activa\">Biblioteca<\/a><\/div>\n\t\t\t\t<\/div>\n\t\t\t\t<\/div>\n\t\t\t\t<div class=\"elementor-element elementor-element-d52ae74 elementor-widget-divider--view-line elementor-widget elementor-widget-divider\" data-id=\"d52ae74\" data-element_type=\"widget\" data-widget_type=\"divider.default\">\n\t\t\t\t<div class=\"elementor-widget-container\">\n\t\t\t\t\t<div class=\"elementor-divider\">\n\t\t\t<span class=\"elementor-divider-separator\">\n\t\t\t\t\t\t<\/span>\n\t\t<\/div>\n\t\t\t\t<\/div>\n\t\t\t\t<\/div>\n\t\t\t\t<div class=\"elementor-element elementor-element-008901f elementor-widget elementor-widget-text-editor\" data-id=\"008901f\" data-element_type=\"widget\" data-widget_type=\"text-editor.default\">\n\t\t\t\t<div class=\"elementor-widget-container\">\n\t\t\t\t\t<div class=\"elementor-text-editor elementor-clearfix\"><a class=\"menu_lateral administra\" href=\"https:\/\/www.iesabadinobhi.com\/es\/servicios\/administracion\/\">Administraci\u00f3n<\/a><\/div>\n\t\t\t\t<\/div>\n\t\t\t\t<\/div>\n\t\t\t\t<div class=\"elementor-element elementor-element-418cd49 elementor-widget-divider--view-line elementor-widget elementor-widget-divider\" data-id=\"418cd49\" data-element_type=\"widget\" data-widget_type=\"divider.default\">\n\t\t\t\t<div class=\"elementor-widget-container\">\n\t\t\t\t\t<div class=\"elementor-divider\">\n\t\t\t<span class=\"elementor-divider-separator\">\n\t\t\t\t\t\t<\/span>\n\t\t<\/div>\n\t\t\t\t<\/div>\n\t\t\t\t<\/div>\n\t\t\t\t<div class=\"elementor-element elementor-element-f80b2b6 elementor-widget elementor-widget-text-editor\" data-id=\"f80b2b6\" data-element_type=\"widget\" data-widget_type=\"text-editor.default\">\n\t\t\t\t<div class=\"elementor-widget-container\">\n\t\t\t\t\t<div class=\"elementor-text-editor elementor-clearfix\"><a class=\"menu_lateral padres\" href=\"https:\/\/www.iesabadinobhi.com\/es\/servicios\/asociacion-de-padres-xoro\/\">Asoc. Madres\/Padres \u201cXoro\u201d<\/a><\/div>\n\t\t\t\t<\/div>\n\t\t\t\t<\/div>\n\t\t\t\t<div class=\"elementor-element elementor-element-a1ec961 elementor-widget-divider--view-line elementor-widget elementor-widget-divider\" data-id=\"a1ec961\" data-element_type=\"widget\" data-widget_type=\"divider.default\">\n\t\t\t\t<div class=\"elementor-widget-container\">\n\t\t\t\t\t<div class=\"elementor-divider\">\n\t\t\t<span class=\"elementor-divider-separator\">\n\t\t\t\t\t\t<\/span>\n\t\t<\/div>\n\t\t\t\t<\/div>\n\t\t\t\t<\/div>\n\t\t\t\t<div class=\"elementor-element elementor-element-72355e9 elementor-widget elementor-widget-text-editor\" data-id=\"72355e9\" data-element_type=\"widget\" data-widget_type=\"text-editor.default\">\n\t\t\t\t<div class=\"elementor-widget-container\">\n\t\t\t\t\t<div class=\"elementor-text-editor elementor-clearfix\"><a class=\"menu_lateral transpor\" href=\"https:\/\/www.iesabadinobhi.com\/es\/servicios\/transporte\/\">Transporte<\/a><\/div>\n\t\t\t\t<\/div>\n\t\t\t\t<\/div>\n\t\t\t\t<div class=\"elementor-element elementor-element-d5ab817 elementor-widget-divider--view-line elementor-widget elementor-widget-divider\" data-id=\"d5ab817\" data-element_type=\"widget\" data-widget_type=\"divider.default\">\n\t\t\t\t<div class=\"elementor-widget-container\">\n\t\t\t\t\t<div class=\"elementor-divider\">\n\t\t\t<span class=\"elementor-divider-separator\">\n\t\t\t\t\t\t<\/span>\n\t\t<\/div>\n\t\t\t\t<\/div>\n\t\t\t\t<\/div>\n\t\t\t\t<div class=\"elementor-element elementor-element-151a3b7 elementor-widget elementor-widget-text-editor\" data-id=\"151a3b7\" data-element_type=\"widget\" data-widget_type=\"text-editor.default\">\n\t\t\t\t<div class=\"elementor-widget-container\">\n\t\t\t\t\t<div class=\"elementor-text-editor elementor-clearfix\"><a class=\"menu_lateral orienta\" href=\"https:\/\/www.iesabadinobhi.com\/es\/servicios\/orientacion\/\">Orientaci\u00f3n <\/a><\/div>\n\t\t\t\t<\/div>\n\t\t\t\t<\/div>\n\t\t\t\t<div class=\"elementor-element elementor-element-fc199d9 elementor-widget-divider--view-line elementor-widget elementor-widget-divider\" data-id=\"fc199d9\" data-element_type=\"widget\" data-widget_type=\"divider.default\">\n\t\t\t\t<div class=\"elementor-widget-container\">\n\t\t\t\t\t<div class=\"elementor-divider\">\n\t\t\t<span class=\"elementor-divider-separator\">\n\t\t\t\t\t\t<\/span>\n\t\t<\/div>\n\t\t\t\t<\/div>\n\t\t\t\t<\/div>\n\t\t\t\t<div class=\"elementor-element elementor-element-5e08496 elementor-widget elementor-widget-text-editor\" data-id=\"5e08496\" data-element_type=\"widget\" data-widget_type=\"text-editor.default\">\n\t\t\t\t<div class=\"elementor-widget-container\">\n\t\t\t\t\t<div class=\"elementor-text-editor elementor-clearfix\"><a class=\"menu_lateral chromebook\" href=\"https:\/\/www.iesabadinobhi.com\/es\/servicios\/reparacion-de-averias-de-chromebook\/\"  style=\"letter-spacing:-0.4px;\">Reparaci\u00f3n de Chromebook<\/a>\n<\/div>\n\t\t\t\t<\/div>\n\t\t\t\t<\/div>\n\t\t\t\t\t\t<\/div>\n\t\t\t\t\t<\/div>\n\t\t<\/div>\n\t\t\t\t<div class=\"elementor-column elementor-col-66 elementor-top-column elementor-element elementor-element-f3f5705\" data-id=\"f3f5705\" data-element_type=\"column\">\n\t\t\t<div class=\"elementor-column-wrap elementor-element-populated\">\n\t\t\t\t\t\t\t<div class=\"elementor-widget-wrap\">\n\t\t\t\t\t\t<div class=\"elementor-element elementor-element-2175bba animated-slow elementor-invisible elementor-widget elementor-widget-image\" data-id=\"2175bba\" data-element_type=\"widget\" data-settings=\"{&quot;_animation&quot;:&quot;fadeIn&quot;}\" data-widget_type=\"image.default\">\n\t\t\t\t<div class=\"elementor-widget-container\">\n\t\t\t\t\t<div class=\"elementor-image\">\n\t\t\t\t\t\t\t\t\t\t<img loading=\"lazy\" decoding=\"async\" width=\"1840\" height=\"406\" src=\"https:\/\/www.iesabadinobhi.com\/wp-content\/uploads\/2021\/04\/biblioteca_top.jpg\" class=\"attachment-full size-full\" alt=\"Biblioteca\" srcset=\"https:\/\/www.iesabadinobhi.com\/wp-content\/uploads\/2021\/04\/biblioteca_top.jpg 1840w, https:\/\/www.iesabadinobhi.com\/wp-content\/uploads\/2021\/04\/biblioteca_top-500x110.jpg 500w, https:\/\/www.iesabadinobhi.com\/wp-content\/uploads\/2021\/04\/biblioteca_top-1024x226.jpg 1024w, https:\/\/www.iesabadinobhi.com\/wp-content\/uploads\/2021\/04\/biblioteca_top-100x22.jpg 100w, https:\/\/www.iesabadinobhi.com\/wp-content\/uploads\/2021\/04\/biblioteca_top-1536x339.jpg 1536w, https:\/\/www.iesabadinobhi.com\/wp-content\/uploads\/2021\/04\/biblioteca_top-150x33.jpg 150w\" sizes=\"auto, (max-width: 1840px) 100vw, 1840px\" \/>\t\t\t\t\t\t\t\t\t\t\t<\/div>\n\t\t\t\t<\/div>\n\t\t\t\t<\/div>\n\t\t\t\t<div class=\"elementor-element elementor-element-6ba8e9f animated-slow elementor-invisible elementor-widget elementor-widget-heading\" data-id=\"6ba8e9f\" data-element_type=\"widget\" data-settings=\"{&quot;_animation&quot;:&quot;fadeIn&quot;}\" data-widget_type=\"heading.default\">\n\t\t\t\t<div class=\"elementor-widget-container\">\n\t\t\t<h3 class=\"elementor-heading-title elementor-size-default\">Biblioteca<\/h3>\t\t<\/div>\n\t\t\t\t<\/div>\n\t\t\t\t<div class=\"elementor-element elementor-element-f16feba animated-slow elementor-invisible elementor-widget elementor-widget-text-editor\" data-id=\"f16feba\" data-element_type=\"widget\" data-settings=\"{&quot;_animation&quot;:&quot;fadeIn&quot;}\" data-widget_type=\"text-editor.default\">\n\t\t\t\t<div class=\"elementor-widget-container\">\n\t\t\t\t\t<div class=\"elementor-text-editor elementor-clearfix\"><p>Biblioteca abierta todos los d\u00edas de <strong>11:15 a 11:45<\/strong> y <strong>lunes, martes y jueves de 15:00 a 17:00<\/strong>.<\/p><p>Los usuarios de la biblioteca podr\u00e1n realizar diferentes tipos de actividades como estudiar, leer, consultar enciclopedias, etc&#8230;<\/p><p><a href=\"https:\/\/www.iesabadinobhi.com\/wp-content\/uploads\/2021\/04\/biblioteca_02.jpg\"><img loading=\"lazy\" decoding=\"async\" class=\"aligncenter wp-image-4365 size-medium\" src=\"https:\/\/www.iesabadinobhi.com\/wp-content\/uploads\/2021\/04\/biblioteca_02-500x241.jpg\" alt=\"Biblioteca\" width=\"500\" height=\"241\" srcset=\"https:\/\/www.iesabadinobhi.com\/wp-content\/uploads\/2021\/04\/biblioteca_02-500x241.jpg 500w, https:\/\/www.iesabadinobhi.com\/wp-content\/uploads\/2021\/04\/biblioteca_02-1024x493.jpg 1024w, https:\/\/www.iesabadinobhi.com\/wp-content\/uploads\/2021\/04\/biblioteca_02.jpg 1670w\" sizes=\"auto, (max-width: 500px) 100vw, 500px\" \/><\/a><\/p><\/div>\n\t\t\t\t<\/div>\n\t\t\t\t<\/div>\n\t\t\t\t\t\t<\/div>\n\t\t\t\t\t<\/div>\n\t\t<\/div>\n\t\t\t\t\t\t\t\t<\/div>\n\t\t\t\t\t<\/div>\n\t\t<\/section>\n\t\t\t\t\t\t<\/div>\n\t\t\t\t\t\t<\/div>\n\t\t\t\t\t<\/div>\n\t\t","protected":false},"excerpt":{"rendered":"<p>Servicios Comedor Biblioteca Administraci\u00f3n Asoc. Madres\/Padres \u201cXoro\u201d Transporte Orientaci\u00f3n Reparaci\u00f3n de Chromebook Biblioteca Biblioteca abierta todos los d\u00edas de 11:15 a 11:45 y lunes, martes y jueves de 15:00 a 17:00. Los usuarios de la biblioteca podr\u00e1n realizar diferentes tipos de actividades como estudiar, leer, consultar enciclopedias, etc&#8230;<\/p>\n","protected":false},"author":1,"featured_media":0,"parent":4144,"menu_order":0,"comment_status":"closed","ping_status":"closed","template":"template-fullwidth.php","meta":{"_acf_changed":false,"footnotes":""},"class_list":["post-4217","page","type-page","status-publish","hentry","odd"],"acf":[],"yoast_head":"<!-- This site is optimized with the Yoast SEO plugin v27.4 - https:\/\/yoast.com\/product\/yoast-seo-wordpress\/ -->\n<title>Biblioteca - Abadi\u00f1oko Institutua - Instituto de Abadi\u00f1o<\/title>\n<meta name=\"robots\" content=\"index, follow, max-snippet:-1, max-image-preview:large, max-video-preview:-1\" \/>\n<link rel=\"canonical\" href=\"https:\/\/www.iesabadinobhi.com\/es\/servicios\/biblioteca\/\" \/>\n<meta property=\"og:locale\" content=\"es_ES\" \/>\n<meta property=\"og:type\" content=\"article\" \/>\n<meta property=\"og:title\" content=\"Biblioteca - Abadi\u00f1oko Institutua - Instituto de Abadi\u00f1o\" \/>\n<meta property=\"og:description\" content=\"Servicios Comedor Biblioteca Administraci\u00f3n Asoc. Madres\/Padres \u201cXoro\u201d Transporte Orientaci\u00f3n Reparaci\u00f3n de Chromebook Biblioteca Biblioteca abierta todos los d\u00edas de 11:15 a 11:45 y lunes, martes y jueves de 15:00 a 17:00. Los usuarios de la biblioteca podr\u00e1n realizar diferentes tipos de actividades como estudiar, leer, consultar enciclopedias, etc&#8230;\" \/>\n<meta property=\"og:url\" content=\"https:\/\/www.iesabadinobhi.com\/es\/servicios\/biblioteca\/\" \/>\n<meta property=\"og:site_name\" content=\"Abadi\u00f1oko Institutua - Instituto de Abadi\u00f1o\" \/>\n<meta property=\"article:modified_time\" content=\"2026-01-14T13:09:41+00:00\" \/>\n<meta property=\"og:image\" content=\"https:\/\/www.iesabadinobhi.com\/wp-content\/uploads\/2021\/04\/biblioteca_top.jpg\" \/>\n<meta name=\"twitter:card\" content=\"summary_large_image\" \/>\n<meta name=\"twitter:label1\" content=\"Tiempo de lectura\" \/>\n\t<meta name=\"twitter:data1\" content=\"1 minuto\" \/>\n<script type=\"application\/ld+json\" class=\"yoast-schema-graph\">{\"@context\":\"https:\\\/\\\/schema.org\",\"@graph\":[{\"@type\":\"WebPage\",\"@id\":\"https:\\\/\\\/www.iesabadinobhi.com\\\/es\\\/servicios\\\/biblioteca\\\/\",\"url\":\"https:\\\/\\\/www.iesabadinobhi.com\\\/es\\\/servicios\\\/biblioteca\\\/\",\"name\":\"Biblioteca - Abadi\u00f1oko Institutua - Instituto de Abadi\u00f1o\",\"isPartOf\":{\"@id\":\"https:\\\/\\\/www.iesabadinobhi.com\\\/#website\"},\"primaryImageOfPage\":{\"@id\":\"https:\\\/\\\/www.iesabadinobhi.com\\\/es\\\/servicios\\\/biblioteca\\\/#primaryimage\"},\"image\":{\"@id\":\"https:\\\/\\\/www.iesabadinobhi.com\\\/es\\\/servicios\\\/biblioteca\\\/#primaryimage\"},\"thumbnailUrl\":\"https:\\\/\\\/www.iesabadinobhi.com\\\/wp-content\\\/uploads\\\/2021\\\/04\\\/biblioteca_top.jpg\",\"datePublished\":\"2021-04-08T14:09:17+00:00\",\"dateModified\":\"2026-01-14T13:09:41+00:00\",\"breadcrumb\":{\"@id\":\"https:\\\/\\\/www.iesabadinobhi.com\\\/es\\\/servicios\\\/biblioteca\\\/#breadcrumb\"},\"inLanguage\":\"es\",\"potentialAction\":[{\"@type\":\"ReadAction\",\"target\":[\"https:\\\/\\\/www.iesabadinobhi.com\\\/es\\\/servicios\\\/biblioteca\\\/\"]}]},{\"@type\":\"ImageObject\",\"inLanguage\":\"es\",\"@id\":\"https:\\\/\\\/www.iesabadinobhi.com\\\/es\\\/servicios\\\/biblioteca\\\/#primaryimage\",\"url\":\"https:\\\/\\\/www.iesabadinobhi.com\\\/wp-content\\\/uploads\\\/2021\\\/04\\\/biblioteca_top.jpg\",\"contentUrl\":\"https:\\\/\\\/www.iesabadinobhi.com\\\/wp-content\\\/uploads\\\/2021\\\/04\\\/biblioteca_top.jpg\"},{\"@type\":\"BreadcrumbList\",\"@id\":\"https:\\\/\\\/www.iesabadinobhi.com\\\/es\\\/servicios\\\/biblioteca\\\/#breadcrumb\",\"itemListElement\":[{\"@type\":\"ListItem\",\"position\":1,\"name\":\"Portada\",\"item\":\"https:\\\/\\\/www.iesabadinobhi.com\\\/es\\\/\"},{\"@type\":\"ListItem\",\"position\":2,\"name\":\"Servicios\",\"item\":\"https:\\\/\\\/www.iesabadinobhi.com\\\/es\\\/servicios\\\/\"},{\"@type\":\"ListItem\",\"position\":3,\"name\":\"Biblioteca\"}]},{\"@type\":\"WebSite\",\"@id\":\"https:\\\/\\\/www.iesabadinobhi.com\\\/#website\",\"url\":\"https:\\\/\\\/www.iesabadinobhi.com\\\/\",\"name\":\"Abadi\u00f1oko Institutua - Instituto de Abadi\u00f1o\",\"description\":\"Centro p\u00fablico de modelo D para alumnos\\\/as de 12 a 16 a\u00f1os.\",\"publisher\":{\"@id\":\"https:\\\/\\\/www.iesabadinobhi.com\\\/#organization\"},\"potentialAction\":[{\"@type\":\"SearchAction\",\"target\":{\"@type\":\"EntryPoint\",\"urlTemplate\":\"https:\\\/\\\/www.iesabadinobhi.com\\\/?s={search_term_string}\"},\"query-input\":{\"@type\":\"PropertyValueSpecification\",\"valueRequired\":true,\"valueName\":\"search_term_string\"}}],\"inLanguage\":\"es\"},{\"@type\":\"Organization\",\"@id\":\"https:\\\/\\\/www.iesabadinobhi.com\\\/#organization\",\"name\":\"Abadi\u00f1oko Institutua - Instituto de Abadi\u00f1o\",\"url\":\"https:\\\/\\\/www.iesabadinobhi.com\\\/\",\"logo\":{\"@type\":\"ImageObject\",\"inLanguage\":\"es\",\"@id\":\"https:\\\/\\\/www.iesabadinobhi.com\\\/#\\\/schema\\\/logo\\\/image\\\/\",\"url\":\"https:\\\/\\\/www.iesabadinobhi.com\\\/wp-content\\\/uploads\\\/2022\\\/01\\\/logo_abadino_web_25-1.jpg\",\"contentUrl\":\"https:\\\/\\\/www.iesabadinobhi.com\\\/wp-content\\\/uploads\\\/2022\\\/01\\\/logo_abadino_web_25-1.jpg\",\"width\":246,\"height\":234,\"caption\":\"Abadi\u00f1oko Institutua - Instituto de Abadi\u00f1o\"},\"image\":{\"@id\":\"https:\\\/\\\/www.iesabadinobhi.com\\\/#\\\/schema\\\/logo\\\/image\\\/\"},\"sameAs\":[\"https:\\\/\\\/www.youtube.com\\\/channel\\\/UChFI9DF_PiIsiqzblGEpD6Q\"]}]}<\/script>\n<!-- \/ Yoast SEO plugin. -->","yoast_head_json":{"title":"Biblioteca - Abadi\u00f1oko Institutua - Instituto de Abadi\u00f1o","robots":{"index":"index","follow":"follow","max-snippet":"max-snippet:-1","max-image-preview":"max-image-preview:large","max-video-preview":"max-video-preview:-1"},"canonical":"https:\/\/www.iesabadinobhi.com\/es\/servicios\/biblioteca\/","og_locale":"es_ES","og_type":"article","og_title":"Biblioteca - Abadi\u00f1oko Institutua - Instituto de Abadi\u00f1o","og_description":"Servicios Comedor Biblioteca Administraci\u00f3n Asoc. Madres\/Padres \u201cXoro\u201d Transporte Orientaci\u00f3n Reparaci\u00f3n de Chromebook Biblioteca Biblioteca abierta todos los d\u00edas de 11:15 a 11:45 y lunes, martes y jueves de 15:00 a 17:00. Los usuarios de la biblioteca podr\u00e1n realizar diferentes tipos de actividades como estudiar, leer, consultar enciclopedias, etc&#8230;","og_url":"https:\/\/www.iesabadinobhi.com\/es\/servicios\/biblioteca\/","og_site_name":"Abadi\u00f1oko Institutua - Instituto de Abadi\u00f1o","article_modified_time":"2026-01-14T13:09:41+00:00","og_image":[{"url":"https:\/\/www.iesabadinobhi.com\/wp-content\/uploads\/2021\/04\/biblioteca_top.jpg","type":"","width":"","height":""}],"twitter_card":"summary_large_image","twitter_misc":{"Tiempo de lectura":"1 minuto"},"schema":{"@context":"https:\/\/schema.org","@graph":[{"@type":"WebPage","@id":"https:\/\/www.iesabadinobhi.com\/es\/servicios\/biblioteca\/","url":"https:\/\/www.iesabadinobhi.com\/es\/servicios\/biblioteca\/","name":"Biblioteca - Abadi\u00f1oko Institutua - Instituto de Abadi\u00f1o","isPartOf":{"@id":"https:\/\/www.iesabadinobhi.com\/#website"},"primaryImageOfPage":{"@id":"https:\/\/www.iesabadinobhi.com\/es\/servicios\/biblioteca\/#primaryimage"},"image":{"@id":"https:\/\/www.iesabadinobhi.com\/es\/servicios\/biblioteca\/#primaryimage"},"thumbnailUrl":"https:\/\/www.iesabadinobhi.com\/wp-content\/uploads\/2021\/04\/biblioteca_top.jpg","datePublished":"2021-04-08T14:09:17+00:00","dateModified":"2026-01-14T13:09:41+00:00","breadcrumb":{"@id":"https:\/\/www.iesabadinobhi.com\/es\/servicios\/biblioteca\/#breadcrumb"},"inLanguage":"es","potentialAction":[{"@type":"ReadAction","target":["https:\/\/www.iesabadinobhi.com\/es\/servicios\/biblioteca\/"]}]},{"@type":"ImageObject","inLanguage":"es","@id":"https:\/\/www.iesabadinobhi.com\/es\/servicios\/biblioteca\/#primaryimage","url":"https:\/\/www.iesabadinobhi.com\/wp-content\/uploads\/2021\/04\/biblioteca_top.jpg","contentUrl":"https:\/\/www.iesabadinobhi.com\/wp-content\/uploads\/2021\/04\/biblioteca_top.jpg"},{"@type":"BreadcrumbList","@id":"https:\/\/www.iesabadinobhi.com\/es\/servicios\/biblioteca\/#breadcrumb","itemListElement":[{"@type":"ListItem","position":1,"name":"Portada","item":"https:\/\/www.iesabadinobhi.com\/es\/"},{"@type":"ListItem","position":2,"name":"Servicios","item":"https:\/\/www.iesabadinobhi.com\/es\/servicios\/"},{"@type":"ListItem","position":3,"name":"Biblioteca"}]},{"@type":"WebSite","@id":"https:\/\/www.iesabadinobhi.com\/#website","url":"https:\/\/www.iesabadinobhi.com\/","name":"Abadi\u00f1oko Institutua - Instituto de Abadi\u00f1o","description":"Centro p\u00fablico de modelo D para alumnos\/as de 12 a 16 a\u00f1os.","publisher":{"@id":"https:\/\/www.iesabadinobhi.com\/#organization"},"potentialAction":[{"@type":"SearchAction","target":{"@type":"EntryPoint","urlTemplate":"https:\/\/www.iesabadinobhi.com\/?s={search_term_string}"},"query-input":{"@type":"PropertyValueSpecification","valueRequired":true,"valueName":"search_term_string"}}],"inLanguage":"es"},{"@type":"Organization","@id":"https:\/\/www.iesabadinobhi.com\/#organization","name":"Abadi\u00f1oko Institutua - Instituto de Abadi\u00f1o","url":"https:\/\/www.iesabadinobhi.com\/","logo":{"@type":"ImageObject","inLanguage":"es","@id":"https:\/\/www.iesabadinobhi.com\/#\/schema\/logo\/image\/","url":"https:\/\/www.iesabadinobhi.com\/wp-content\/uploads\/2022\/01\/logo_abadino_web_25-1.jpg","contentUrl":"https:\/\/www.iesabadinobhi.com\/wp-content\/uploads\/2022\/01\/logo_abadino_web_25-1.jpg","width":246,"height":234,"caption":"Abadi\u00f1oko Institutua - Instituto de Abadi\u00f1o"},"image":{"@id":"https:\/\/www.iesabadinobhi.com\/#\/schema\/logo\/image\/"},"sameAs":["https:\/\/www.youtube.com\/channel\/UChFI9DF_PiIsiqzblGEpD6Q"]}]}},"_links":{"self":[{"href":"https:\/\/www.iesabadinobhi.com\/es\/wp-json\/wp\/v2\/pages\/4217","targetHints":{"allow":["GET"]}}],"collection":[{"href":"https:\/\/www.iesabadinobhi.com\/es\/wp-json\/wp\/v2\/pages"}],"about":[{"href":"https:\/\/www.iesabadinobhi.com\/es\/wp-json\/wp\/v2\/types\/page"}],"author":[{"embeddable":true,"href":"https:\/\/www.iesabadinobhi.com\/es\/wp-json\/wp\/v2\/users\/1"}],"replies":[{"embeddable":true,"href":"https:\/\/www.iesabadinobhi.com\/es\/wp-json\/wp\/v2\/comments?post=4217"}],"version-history":[{"count":124,"href":"https:\/\/www.iesabadinobhi.com\/es\/wp-json\/wp\/v2\/pages\/4217\/revisions"}],"predecessor-version":[{"id":17084,"href":"https:\/\/www.iesabadinobhi.com\/es\/wp-json\/wp\/v2\/pages\/4217\/revisions\/17084"}],"up":[{"embeddable":true,"href":"https:\/\/www.iesabadinobhi.com\/es\/wp-json\/wp\/v2\/pages\/4144"}],"wp:attachment":[{"href":"https:\/\/www.iesabadinobhi.com\/es\/wp-json\/wp\/v2\/media?parent=4217"}],"curies":[{"name":"wp","href":"https:\/\/api.w.org\/{rel}","templated":true}]}}