  {"id":4038,"date":"2021-04-08T10:21:23","date_gmt":"2021-04-08T08:21:23","guid":{"rendered":"http:\/\/www.iesabadinobhi.com\/?page_id=4038"},"modified":"2024-07-08T11:27:28","modified_gmt":"2024-07-08T09:27:28","slug":"visita-virtual-del-centro","status":"publish","type":"page","link":"https:\/\/www.iesabadinobhi.com\/es\/ies-abadino\/visita-virtual-del-centro\/","title":{"rendered":"Visita Virtual del Centro"},"content":{"rendered":"\t\t<div data-elementor-type=\"wp-page\" data-elementor-id=\"4038\" class=\"elementor elementor-4038\" data-elementor-settings=\"[]\">\n\t\t\t\t\t\t<div class=\"elementor-inner\">\n\t\t\t\t\t\t\t<div class=\"elementor-section-wrap\">\n\t\t\t\t\t\t\t<section class=\"elementor-section elementor-top-section elementor-element elementor-element-0f08c61 elementor-section-boxed elementor-section-height-default elementor-section-height-default\" data-id=\"0f08c61\" data-element_type=\"section\">\n\t\t\t\t\t\t<div class=\"elementor-container elementor-column-gap-default\">\n\t\t\t\t\t\t\t<div class=\"elementor-row\">\n\t\t\t\t\t<div class=\"elementor-column elementor-col-33 elementor-top-column elementor-element elementor-element-e77799d\" data-id=\"e77799d\" data-element_type=\"column\" id=\"menu_presentados\" data-settings=\"{&quot;background_background&quot;:&quot;classic&quot;}\">\n\t\t\t<div class=\"elementor-column-wrap elementor-element-populated\">\n\t\t\t\t\t\t\t<div class=\"elementor-widget-wrap\">\n\t\t\t\t\t\t<div class=\"elementor-element elementor-element-70d4d2d elementor-widget elementor-widget-heading\" data-id=\"70d4d2d\" data-element_type=\"widget\" data-widget_type=\"heading.default\">\n\t\t\t\t<div class=\"elementor-widget-container\">\n\t\t\t<h4 class=\"elementor-heading-title elementor-size-default\">IES Abadi\u00f1o<\/h4>\t\t<\/div>\n\t\t\t\t<\/div>\n\t\t\t\t<div class=\"elementor-element elementor-element-7cf267e elementor-widget-divider--view-line elementor-widget elementor-widget-divider\" data-id=\"7cf267e\" data-element_type=\"widget\" data-widget_type=\"divider.default\">\n\t\t\t\t<div class=\"elementor-widget-container\">\n\t\t\t\t\t<div class=\"elementor-divider\">\n\t\t\t<span class=\"elementor-divider-separator\">\n\t\t\t\t\t\t<\/span>\n\t\t<\/div>\n\t\t\t\t<\/div>\n\t\t\t\t<\/div>\n\t\t\t\t<div class=\"elementor-element elementor-element-7c78d3c elementor-widget elementor-widget-text-editor\" data-id=\"7c78d3c\" data-element_type=\"widget\" data-widget_type=\"text-editor.default\">\n\t\t\t\t<div class=\"elementor-widget-container\">\n\t\t\t\t\t<div class=\"elementor-text-editor elementor-clearfix\"><a class=\"menu_lateral presenta\" href=\"https:\/\/www.iesabadinobhi.com\/es\/ies-abadino\/presentacion\/\">Presentaci\u00f3n <\/a><\/div>\n\t\t\t\t<\/div>\n\t\t\t\t<\/div>\n\t\t\t\t<div class=\"elementor-element elementor-element-502c6ae elementor-widget-divider--view-line elementor-widget elementor-widget-divider\" data-id=\"502c6ae\" data-element_type=\"widget\" data-widget_type=\"divider.default\">\n\t\t\t\t<div class=\"elementor-widget-container\">\n\t\t\t\t\t<div class=\"elementor-divider\">\n\t\t\t<span class=\"elementor-divider-separator\">\n\t\t\t\t\t\t<\/span>\n\t\t<\/div>\n\t\t\t\t<\/div>\n\t\t\t\t<\/div>\n\t\t\t\t<div class=\"elementor-element elementor-element-71019f3 elementor-widget elementor-widget-text-editor\" data-id=\"71019f3\" data-element_type=\"widget\" data-widget_type=\"text-editor.default\">\n\t\t\t\t<div class=\"elementor-widget-container\">\n\t\t\t\t\t<div class=\"elementor-text-editor elementor-clearfix\"><a class=\"menu_lateral organi\" href=\"https:\/\/www.iesabadinobhi.com\/es\/ies-abadino\/organigrama\/\">Organigrama <\/a><\/div>\n\t\t\t\t<\/div>\n\t\t\t\t<\/div>\n\t\t\t\t<div class=\"elementor-element elementor-element-d52ae74 elementor-widget-divider--view-line elementor-widget elementor-widget-divider\" data-id=\"d52ae74\" data-element_type=\"widget\" data-widget_type=\"divider.default\">\n\t\t\t\t<div class=\"elementor-widget-container\">\n\t\t\t\t\t<div class=\"elementor-divider\">\n\t\t\t<span class=\"elementor-divider-separator\">\n\t\t\t\t\t\t<\/span>\n\t\t<\/div>\n\t\t\t\t<\/div>\n\t\t\t\t<\/div>\n\t\t\t\t<div class=\"elementor-element elementor-element-008901f elementor-widget elementor-widget-text-editor\" data-id=\"008901f\" data-element_type=\"widget\" data-widget_type=\"text-editor.default\">\n\t\t\t\t<div class=\"elementor-widget-container\">\n\t\t\t\t\t<div class=\"elementor-text-editor elementor-clearfix\"><a class=\"menu_lateral documen\" href=\"https:\/\/www.iesabadinobhi.com\/es\/ies-abadino\/documentos-e-impresos\/\">Documentos e Impresos<\/a><\/div>\n\t\t\t\t<\/div>\n\t\t\t\t<\/div>\n\t\t\t\t<div class=\"elementor-element elementor-element-418cd49 elementor-widget-divider--view-line elementor-widget elementor-widget-divider\" data-id=\"418cd49\" data-element_type=\"widget\" data-widget_type=\"divider.default\">\n\t\t\t\t<div class=\"elementor-widget-container\">\n\t\t\t\t\t<div class=\"elementor-divider\">\n\t\t\t<span class=\"elementor-divider-separator\">\n\t\t\t\t\t\t<\/span>\n\t\t<\/div>\n\t\t\t\t<\/div>\n\t\t\t\t<\/div>\n\t\t\t\t<div class=\"elementor-element elementor-element-f80b2b6 elementor-widget elementor-widget-text-editor\" data-id=\"f80b2b6\" data-element_type=\"widget\" data-widget_type=\"text-editor.default\">\n\t\t\t\t<div class=\"elementor-widget-container\">\n\t\t\t\t\t<div class=\"elementor-text-editor elementor-clearfix\"><a class=\"menu_lateral visita activa\" >Visita Virtual<\/a><\/div>\n\t\t\t\t<\/div>\n\t\t\t\t<\/div>\n\t\t\t\t<div class=\"elementor-element elementor-element-ec399aa elementor-widget-divider--view-line elementor-widget elementor-widget-divider\" data-id=\"ec399aa\" data-element_type=\"widget\" data-widget_type=\"divider.default\">\n\t\t\t\t<div class=\"elementor-widget-container\">\n\t\t\t\t\t<div class=\"elementor-divider\">\n\t\t\t<span class=\"elementor-divider-separator\">\n\t\t\t\t\t\t<\/span>\n\t\t<\/div>\n\t\t\t\t<\/div>\n\t\t\t\t<\/div>\n\t\t\t\t<div class=\"elementor-element elementor-element-eed0101 elementor-widget elementor-widget-text-editor\" data-id=\"eed0101\" data-element_type=\"widget\" data-widget_type=\"text-editor.default\">\n\t\t\t\t<div class=\"elementor-widget-container\">\n\t\t\t\t\t<div class=\"elementor-text-editor elementor-clearfix\"><a class=\"menu_lateral contacto\" href=\"https:\/\/www.iesabadinobhi.com\/es\/contacto\/\">Contacto<\/a><\/div>\n\t\t\t\t<\/div>\n\t\t\t\t<\/div>\n\t\t\t\t\t\t<\/div>\n\t\t\t\t\t<\/div>\n\t\t<\/div>\n\t\t\t\t<div class=\"elementor-column elementor-col-66 elementor-top-column elementor-element elementor-element-f3f5705\" data-id=\"f3f5705\" data-element_type=\"column\">\n\t\t\t<div class=\"elementor-column-wrap elementor-element-populated\">\n\t\t\t\t\t\t\t<div class=\"elementor-widget-wrap\">\n\t\t\t\t\t\t<div class=\"elementor-element elementor-element-2175bba elementor-widget elementor-widget-image\" data-id=\"2175bba\" data-element_type=\"widget\" data-widget_type=\"image.default\">\n\t\t\t\t<div class=\"elementor-widget-container\">\n\t\t\t\t\t<div class=\"elementor-image\">\n\t\t\t\t\t\t\t\t\t\t<img loading=\"lazy\" decoding=\"async\" width=\"1840\" height=\"406\" src=\"https:\/\/www.iesabadinobhi.com\/wp-content\/uploads\/2021\/04\/visita_virtual_top.jpg\" class=\"attachment-full size-full\" alt=\"Visita virtual\" srcset=\"https:\/\/www.iesabadinobhi.com\/wp-content\/uploads\/2021\/04\/visita_virtual_top.jpg 1840w, https:\/\/www.iesabadinobhi.com\/wp-content\/uploads\/2021\/04\/visita_virtual_top-500x110.jpg 500w, https:\/\/www.iesabadinobhi.com\/wp-content\/uploads\/2021\/04\/visita_virtual_top-1024x226.jpg 1024w, https:\/\/www.iesabadinobhi.com\/wp-content\/uploads\/2021\/04\/visita_virtual_top-100x22.jpg 100w, https:\/\/www.iesabadinobhi.com\/wp-content\/uploads\/2021\/04\/visita_virtual_top-1536x339.jpg 1536w, https:\/\/www.iesabadinobhi.com\/wp-content\/uploads\/2021\/04\/visita_virtual_top-150x33.jpg 150w\" sizes=\"auto, (max-width: 1840px) 100vw, 1840px\" \/>\t\t\t\t\t\t\t\t\t\t\t<\/div>\n\t\t\t\t<\/div>\n\t\t\t\t<\/div>\n\t\t\t\t<div class=\"elementor-element elementor-element-6ba8e9f elementor-widget elementor-widget-heading\" data-id=\"6ba8e9f\" data-element_type=\"widget\" data-widget_type=\"heading.default\">\n\t\t\t\t<div class=\"elementor-widget-container\">\n\t\t\t<h3 class=\"elementor-heading-title elementor-size-default\">Visita Virtual del Centro<\/h3>\t\t<\/div>\n\t\t\t\t<\/div>\n\t\t\t\t<div class=\"elementor-element elementor-element-7ba7329 elementor-widget elementor-widget-heading\" data-id=\"7ba7329\" data-element_type=\"widget\" data-widget_type=\"heading.default\">\n\t\t\t\t<div class=\"elementor-widget-container\">\n\t\t\t<h4 class=\"elementor-heading-title elementor-size-default\">Bienvenido a la Visita Virtual del Instituto Abadi\u00f1o<\/h4>\t\t<\/div>\n\t\t\t\t<\/div>\n\t\t\t\t<div class=\"elementor-element elementor-element-f16feba elementor-widget elementor-widget-text-editor\" data-id=\"f16feba\" data-element_type=\"widget\" data-widget_type=\"text-editor.default\">\n\t\t\t\t<div class=\"elementor-widget-container\">\n\t\t\t\t\t<div class=\"elementor-text-editor elementor-clearfix\"><p><strong>\u00bfQuieres conocer nuestro centro? A trav\u00e9s de esta visita virtual tendr\u00e1s la oportunidad de conocer todos los rincones.<\/strong><\/p><\/div>\n\t\t\t\t<\/div>\n\t\t\t\t<\/div>\n\t\t\t\t<div class=\"elementor-element elementor-element-d227038 elementor-widget elementor-widget-html\" data-id=\"d227038\" data-element_type=\"widget\" data-widget_type=\"html.default\">\n\t\t\t\t<div class=\"elementor-widget-container\">\n\t\t\t<iframe loading=\"lazy\" id=\"fra\" src=\"https:\/\/gvirtualtour360.com\/iesabadino\/es\/\" name=\"visita_virtual\" width=\"100%\" height=\"700\" allowfullscreen=\"allowfullscreen\"><\/iframe>\t\t<\/div>\n\t\t\t\t<\/div>\n\t\t\t\t\t\t<\/div>\n\t\t\t\t\t<\/div>\n\t\t<\/div>\n\t\t\t\t\t\t\t\t<\/div>\n\t\t\t\t\t<\/div>\n\t\t<\/section>\n\t\t\t\t\t\t<\/div>\n\t\t\t\t\t\t<\/div>\n\t\t\t\t\t<\/div>\n\t\t","protected":false},"excerpt":{"rendered":"<p>IES Abadi\u00f1o Presentaci\u00f3n Organigrama Documentos e Impresos Visita Virtual Contacto Visita Virtual del Centro Bienvenido a la Visita Virtual del Instituto Abadi\u00f1o \u00bfQuieres conocer nuestro centro? A trav\u00e9s de esta visita virtual tendr\u00e1s la oportunidad de conocer todos los rincones.<\/p>\n","protected":false},"author":1,"featured_media":0,"parent":376,"menu_order":0,"comment_status":"closed","ping_status":"closed","template":"template-fullwidth.php","meta":{"_acf_changed":false,"footnotes":""},"class_list":["post-4038","page","type-page","status-publish","hentry","odd"],"acf":[],"yoast_head":"<!-- This site is optimized with the Yoast SEO plugin v27.4 - https:\/\/yoast.com\/product\/yoast-seo-wordpress\/ -->\n<title>Visita Virtual del Centro - Abadi\u00f1oko Institutua - Instituto de Abadi\u00f1o<\/title>\n<meta name=\"robots\" content=\"index, follow, max-snippet:-1, max-image-preview:large, max-video-preview:-1\" \/>\n<link rel=\"canonical\" href=\"https:\/\/www.iesabadinobhi.com\/es\/ies-abadino\/visita-virtual-del-centro\/\" \/>\n<meta property=\"og:locale\" content=\"es_ES\" \/>\n<meta property=\"og:type\" content=\"article\" \/>\n<meta property=\"og:title\" content=\"Visita Virtual del Centro - Abadi\u00f1oko Institutua - Instituto de Abadi\u00f1o\" \/>\n<meta property=\"og:description\" content=\"IES Abadi\u00f1o Presentaci\u00f3n Organigrama Documentos e Impresos Visita Virtual Contacto Visita Virtual del Centro Bienvenido a la Visita Virtual del Instituto Abadi\u00f1o \u00bfQuieres conocer nuestro centro? A trav\u00e9s de esta visita virtual tendr\u00e1s la oportunidad de conocer todos los rincones.\" \/>\n<meta property=\"og:url\" content=\"https:\/\/www.iesabadinobhi.com\/es\/ies-abadino\/visita-virtual-del-centro\/\" \/>\n<meta property=\"og:site_name\" content=\"Abadi\u00f1oko Institutua - Instituto de Abadi\u00f1o\" \/>\n<meta property=\"article:modified_time\" content=\"2024-07-08T09:27:28+00:00\" \/>\n<meta property=\"og:image\" content=\"https:\/\/www.iesabadinobhi.com\/wp-content\/uploads\/2021\/04\/visita_virtual_top.jpg\" \/>\n<meta name=\"twitter:card\" content=\"summary_large_image\" \/>\n<script type=\"application\/ld+json\" class=\"yoast-schema-graph\">{\"@context\":\"https:\\\/\\\/schema.org\",\"@graph\":[{\"@type\":\"WebPage\",\"@id\":\"https:\\\/\\\/www.iesabadinobhi.com\\\/es\\\/ies-abadino\\\/visita-virtual-del-centro\\\/\",\"url\":\"https:\\\/\\\/www.iesabadinobhi.com\\\/es\\\/ies-abadino\\\/visita-virtual-del-centro\\\/\",\"name\":\"Visita Virtual del Centro - Abadi\u00f1oko Institutua - Instituto de Abadi\u00f1o\",\"isPartOf\":{\"@id\":\"https:\\\/\\\/www.iesabadinobhi.com\\\/#website\"},\"primaryImageOfPage\":{\"@id\":\"https:\\\/\\\/www.iesabadinobhi.com\\\/es\\\/ies-abadino\\\/visita-virtual-del-centro\\\/#primaryimage\"},\"image\":{\"@id\":\"https:\\\/\\\/www.iesabadinobhi.com\\\/es\\\/ies-abadino\\\/visita-virtual-del-centro\\\/#primaryimage\"},\"thumbnailUrl\":\"https:\\\/\\\/www.iesabadinobhi.com\\\/wp-content\\\/uploads\\\/2021\\\/04\\\/visita_virtual_top.jpg\",\"datePublished\":\"2021-04-08T08:21:23+00:00\",\"dateModified\":\"2024-07-08T09:27:28+00:00\",\"breadcrumb\":{\"@id\":\"https:\\\/\\\/www.iesabadinobhi.com\\\/es\\\/ies-abadino\\\/visita-virtual-del-centro\\\/#breadcrumb\"},\"inLanguage\":\"es\",\"potentialAction\":[{\"@type\":\"ReadAction\",\"target\":[\"https:\\\/\\\/www.iesabadinobhi.com\\\/es\\\/ies-abadino\\\/visita-virtual-del-centro\\\/\"]}]},{\"@type\":\"ImageObject\",\"inLanguage\":\"es\",\"@id\":\"https:\\\/\\\/www.iesabadinobhi.com\\\/es\\\/ies-abadino\\\/visita-virtual-del-centro\\\/#primaryimage\",\"url\":\"https:\\\/\\\/www.iesabadinobhi.com\\\/wp-content\\\/uploads\\\/2021\\\/04\\\/visita_virtual_top.jpg\",\"contentUrl\":\"https:\\\/\\\/www.iesabadinobhi.com\\\/wp-content\\\/uploads\\\/2021\\\/04\\\/visita_virtual_top.jpg\"},{\"@type\":\"BreadcrumbList\",\"@id\":\"https:\\\/\\\/www.iesabadinobhi.com\\\/es\\\/ies-abadino\\\/visita-virtual-del-centro\\\/#breadcrumb\",\"itemListElement\":[{\"@type\":\"ListItem\",\"position\":1,\"name\":\"Portada\",\"item\":\"https:\\\/\\\/www.iesabadinobhi.com\\\/es\\\/\"},{\"@type\":\"ListItem\",\"position\":2,\"name\":\"IES Abadi\u00f1o\",\"item\":\"https:\\\/\\\/www.iesabadinobhi.com\\\/es\\\/\"},{\"@type\":\"ListItem\",\"position\":3,\"name\":\"Visita Virtual del Centro\"}]},{\"@type\":\"WebSite\",\"@id\":\"https:\\\/\\\/www.iesabadinobhi.com\\\/#website\",\"url\":\"https:\\\/\\\/www.iesabadinobhi.com\\\/\",\"name\":\"Abadi\u00f1oko Institutua - Instituto de Abadi\u00f1o\",\"description\":\"Centro p\u00fablico de modelo D para alumnos\\\/as de 12 a 16 a\u00f1os.\",\"publisher\":{\"@id\":\"https:\\\/\\\/www.iesabadinobhi.com\\\/#organization\"},\"potentialAction\":[{\"@type\":\"SearchAction\",\"target\":{\"@type\":\"EntryPoint\",\"urlTemplate\":\"https:\\\/\\\/www.iesabadinobhi.com\\\/?s={search_term_string}\"},\"query-input\":{\"@type\":\"PropertyValueSpecification\",\"valueRequired\":true,\"valueName\":\"search_term_string\"}}],\"inLanguage\":\"es\"},{\"@type\":\"Organization\",\"@id\":\"https:\\\/\\\/www.iesabadinobhi.com\\\/#organization\",\"name\":\"Abadi\u00f1oko Institutua - Instituto de Abadi\u00f1o\",\"url\":\"https:\\\/\\\/www.iesabadinobhi.com\\\/\",\"logo\":{\"@type\":\"ImageObject\",\"inLanguage\":\"es\",\"@id\":\"https:\\\/\\\/www.iesabadinobhi.com\\\/#\\\/schema\\\/logo\\\/image\\\/\",\"url\":\"https:\\\/\\\/www.iesabadinobhi.com\\\/wp-content\\\/uploads\\\/2022\\\/01\\\/logo_abadino_web_25-1.jpg\",\"contentUrl\":\"https:\\\/\\\/www.iesabadinobhi.com\\\/wp-content\\\/uploads\\\/2022\\\/01\\\/logo_abadino_web_25-1.jpg\",\"width\":246,\"height\":234,\"caption\":\"Abadi\u00f1oko Institutua - Instituto de Abadi\u00f1o\"},\"image\":{\"@id\":\"https:\\\/\\\/www.iesabadinobhi.com\\\/#\\\/schema\\\/logo\\\/image\\\/\"},\"sameAs\":[\"https:\\\/\\\/www.youtube.com\\\/channel\\\/UChFI9DF_PiIsiqzblGEpD6Q\"]}]}<\/script>\n<!-- \/ Yoast SEO plugin. -->","yoast_head_json":{"title":"Visita Virtual del Centro - Abadi\u00f1oko Institutua - Instituto de Abadi\u00f1o","robots":{"index":"index","follow":"follow","max-snippet":"max-snippet:-1","max-image-preview":"max-image-preview:large","max-video-preview":"max-video-preview:-1"},"canonical":"https:\/\/www.iesabadinobhi.com\/es\/ies-abadino\/visita-virtual-del-centro\/","og_locale":"es_ES","og_type":"article","og_title":"Visita Virtual del Centro - Abadi\u00f1oko Institutua - Instituto de Abadi\u00f1o","og_description":"IES Abadi\u00f1o Presentaci\u00f3n Organigrama Documentos e Impresos Visita Virtual Contacto Visita Virtual del Centro Bienvenido a la Visita Virtual del Instituto Abadi\u00f1o \u00bfQuieres conocer nuestro centro? A trav\u00e9s de esta visita virtual tendr\u00e1s la oportunidad de conocer todos los rincones.","og_url":"https:\/\/www.iesabadinobhi.com\/es\/ies-abadino\/visita-virtual-del-centro\/","og_site_name":"Abadi\u00f1oko Institutua - Instituto de Abadi\u00f1o","article_modified_time":"2024-07-08T09:27:28+00:00","og_image":[{"url":"https:\/\/www.iesabadinobhi.com\/wp-content\/uploads\/2021\/04\/visita_virtual_top.jpg","type":"","width":"","height":""}],"twitter_card":"summary_large_image","schema":{"@context":"https:\/\/schema.org","@graph":[{"@type":"WebPage","@id":"https:\/\/www.iesabadinobhi.com\/es\/ies-abadino\/visita-virtual-del-centro\/","url":"https:\/\/www.iesabadinobhi.com\/es\/ies-abadino\/visita-virtual-del-centro\/","name":"Visita Virtual del Centro - Abadi\u00f1oko Institutua - Instituto de Abadi\u00f1o","isPartOf":{"@id":"https:\/\/www.iesabadinobhi.com\/#website"},"primaryImageOfPage":{"@id":"https:\/\/www.iesabadinobhi.com\/es\/ies-abadino\/visita-virtual-del-centro\/#primaryimage"},"image":{"@id":"https:\/\/www.iesabadinobhi.com\/es\/ies-abadino\/visita-virtual-del-centro\/#primaryimage"},"thumbnailUrl":"https:\/\/www.iesabadinobhi.com\/wp-content\/uploads\/2021\/04\/visita_virtual_top.jpg","datePublished":"2021-04-08T08:21:23+00:00","dateModified":"2024-07-08T09:27:28+00:00","breadcrumb":{"@id":"https:\/\/www.iesabadinobhi.com\/es\/ies-abadino\/visita-virtual-del-centro\/#breadcrumb"},"inLanguage":"es","potentialAction":[{"@type":"ReadAction","target":["https:\/\/www.iesabadinobhi.com\/es\/ies-abadino\/visita-virtual-del-centro\/"]}]},{"@type":"ImageObject","inLanguage":"es","@id":"https:\/\/www.iesabadinobhi.com\/es\/ies-abadino\/visita-virtual-del-centro\/#primaryimage","url":"https:\/\/www.iesabadinobhi.com\/wp-content\/uploads\/2021\/04\/visita_virtual_top.jpg","contentUrl":"https:\/\/www.iesabadinobhi.com\/wp-content\/uploads\/2021\/04\/visita_virtual_top.jpg"},{"@type":"BreadcrumbList","@id":"https:\/\/www.iesabadinobhi.com\/es\/ies-abadino\/visita-virtual-del-centro\/#breadcrumb","itemListElement":[{"@type":"ListItem","position":1,"name":"Portada","item":"https:\/\/www.iesabadinobhi.com\/es\/"},{"@type":"ListItem","position":2,"name":"IES Abadi\u00f1o","item":"https:\/\/www.iesabadinobhi.com\/es\/"},{"@type":"ListItem","position":3,"name":"Visita Virtual del Centro"}]},{"@type":"WebSite","@id":"https:\/\/www.iesabadinobhi.com\/#website","url":"https:\/\/www.iesabadinobhi.com\/","name":"Abadi\u00f1oko Institutua - Instituto de Abadi\u00f1o","description":"Centro p\u00fablico de modelo D para alumnos\/as de 12 a 16 a\u00f1os.","publisher":{"@id":"https:\/\/www.iesabadinobhi.com\/#organization"},"potentialAction":[{"@type":"SearchAction","target":{"@type":"EntryPoint","urlTemplate":"https:\/\/www.iesabadinobhi.com\/?s={search_term_string}"},"query-input":{"@type":"PropertyValueSpecification","valueRequired":true,"valueName":"search_term_string"}}],"inLanguage":"es"},{"@type":"Organization","@id":"https:\/\/www.iesabadinobhi.com\/#organization","name":"Abadi\u00f1oko Institutua - Instituto de Abadi\u00f1o","url":"https:\/\/www.iesabadinobhi.com\/","logo":{"@type":"ImageObject","inLanguage":"es","@id":"https:\/\/www.iesabadinobhi.com\/#\/schema\/logo\/image\/","url":"https:\/\/www.iesabadinobhi.com\/wp-content\/uploads\/2022\/01\/logo_abadino_web_25-1.jpg","contentUrl":"https:\/\/www.iesabadinobhi.com\/wp-content\/uploads\/2022\/01\/logo_abadino_web_25-1.jpg","width":246,"height":234,"caption":"Abadi\u00f1oko Institutua - Instituto de Abadi\u00f1o"},"image":{"@id":"https:\/\/www.iesabadinobhi.com\/#\/schema\/logo\/image\/"},"sameAs":["https:\/\/www.youtube.com\/channel\/UChFI9DF_PiIsiqzblGEpD6Q"]}]}},"_links":{"self":[{"href":"https:\/\/www.iesabadinobhi.com\/es\/wp-json\/wp\/v2\/pages\/4038","targetHints":{"allow":["GET"]}}],"collection":[{"href":"https:\/\/www.iesabadinobhi.com\/es\/wp-json\/wp\/v2\/pages"}],"about":[{"href":"https:\/\/www.iesabadinobhi.com\/es\/wp-json\/wp\/v2\/types\/page"}],"author":[{"embeddable":true,"href":"https:\/\/www.iesabadinobhi.com\/es\/wp-json\/wp\/v2\/users\/1"}],"replies":[{"embeddable":true,"href":"https:\/\/www.iesabadinobhi.com\/es\/wp-json\/wp\/v2\/comments?post=4038"}],"version-history":[{"count":56,"href":"https:\/\/www.iesabadinobhi.com\/es\/wp-json\/wp\/v2\/pages\/4038\/revisions"}],"predecessor-version":[{"id":14257,"href":"https:\/\/www.iesabadinobhi.com\/es\/wp-json\/wp\/v2\/pages\/4038\/revisions\/14257"}],"up":[{"embeddable":true,"href":"https:\/\/www.iesabadinobhi.com\/es\/wp-json\/wp\/v2\/pages\/376"}],"wp:attachment":[{"href":"https:\/\/www.iesabadinobhi.com\/es\/wp-json\/wp\/v2\/media?parent=4038"}],"curies":[{"name":"wp","href":"https:\/\/api.w.org\/{rel}","templated":true}]}}